{"id":1872,"date":"2024-02-20T23:14:03","date_gmt":"2024-02-20T23:14:03","guid":{"rendered":"https:\/\/michiganaccidentattorneys.cwdevelop.com\/?page_id=1872"},"modified":"2024-03-06T06:29:08","modified_gmt":"2024-03-06T06:29:08","slug":"lesiones-personales","status":"publish","type":"page","link":"https:\/\/michiganaccidentattorneys.com\/es\/lesiones-personales\/","title":{"rendered":"Lesiones Personales"},"content":{"rendered":"<h2>Abogados de Lesiones Personales en Michigan<\/h2>\n<p>Si has sufrido una lesi\u00f3n o enfermedad como resultado directo de la negligencia o acciones indebidas de otra parte, es posible que tengas una reclamaci\u00f3n de lesiones personales. Los abogados de lesiones personales de Michigan Accident Attorneys tienen una amplia experiencia representando a v\u00edctimas de lesiones en Michigan en todo tipo de casos relacionados con negligencia.<\/p>\n<p>Con nuestro dedicado equipo legal de tu lado, puedes tener la confianza de que tendr\u00e1s fuertes defensores que luchar\u00e1n para obtener la compensaci\u00f3n m\u00e1xima por tus p\u00e9rdidas. Somos abogados litigantes que no temen llevar un caso a juicio cuando sea necesario para obtener los mejores resultados para nuestros clientes. Puedes confiar en que tenemos los recursos y la experiencia legal para enfrentarnos a las compa\u00f1\u00edas de seguros y superar sus t\u00e1cticas dilatorias y ofertas deshonestas de liquidaci\u00f3n.<\/p>\n<p>En Michigan Accident Attorneys, hemos manejado con \u00e9xito reclamaciones de lesiones personales que involucran:<\/p>\n<ul>\n<li>Accidentes de coche<\/li>\n<li>Colisiones de camiones<\/li>\n<li>Choques de motocicletas<\/li>\n<li>Accidentes peatonales<\/li>\n<li>Mordeduras de perro<\/li>\n<li>Lesiones laborales<\/li>\n<li>Y m\u00e1s<\/li>\n<\/ul>\n<p>Nuestros abogados de lesiones personales est\u00e1n comprometidos a ayudar a nuestros clientes lesionados a volver a ponerse de pie despu\u00e9s de accidentes tr\u00e1gicos y evitables causados por la imprudencia o negligencia de otra persona. Vemos a cada cliente como familia y brindamos servicios legales compasivos y dedicados. Con nosotros como tus defensores, puedes estar seguro de que la parte culpable se har\u00e1 responsable completamente.<\/p>\n<p>Si has sufrido una lesi\u00f3n o enfermedad debido a las acciones de otra persona en Michigan, contacta a nuestros abogados de lesiones personales hoy mismo para una consulta gratuita. Perm\u00edtenos ayudarte a buscar justicia mientras te enfocas en tu recuperaci\u00f3n.<\/p>\n<p>En Michigan, tienes un per\u00edodo de tiempo limitado para presentar una demanda por lesiones personales despu\u00e9s de un accidente. Esto se conoce como el estatuto de limitaciones y puede variar de uno a seis a\u00f1os dependiendo del tipo de caso. Al contactarnos r\u00e1pidamente despu\u00e9s de una lesi\u00f3n, podemos evaluar tu caso mientras se preserva la evidencia clave y el testimonio de testigos. Nuestro objetivo siempre es obtener compensaci\u00f3n a trav\u00e9s de un acuerdo extrajudicial cuando sea posible, pero estamos completamente preparados para llevar un caso a juicio si la compa\u00f1\u00eda de seguros se niega a ofrecer una cantidad justa. Con d\u00e9cadas de experiencia y un historial comprobado, Michigan Accident Attorneys tiene los recursos y la experiencia para maximizar tu compensaci\u00f3n para que puedas superar tu lesi\u00f3n. No esperes para buscar la justicia que mereces. Cont\u00e1ctanos hoy para obtener orientaci\u00f3n legal dedicada.<\/p>\n<p>Con d\u00e9cadas de veredictos y acuerdos exitosos, Michigan Accident Attorneys tiene la experiencia para maximizar tu compensaci\u00f3n despu\u00e9s de una lesi\u00f3n debida a negligencia en cualquier lugar de Michigan. <a href=\"https:\/\/michiganaccidentattorneys.com\/contact-us\/\">Contacta<\/a> a nuestros abogados dedicados hoy para discutir tu caso de lesiones personales en una consulta gratuita.<\/p>\n","protected":false},"excerpt":{"rendered":"<p>Abogados de Lesiones Personales en Michigan Si has sufrido una lesi\u00f3n o enfermedad como resultado directo de la negligencia o acciones indebidas de otra parte, es posible que tengas una reclamaci\u00f3n de lesiones personales. Los abogados de lesiones personales de Michigan Accident Attorneys tienen una amplia experiencia representando a v\u00edctimas de lesiones en Michigan en todo tipo de&#8230;<\/p>\n","protected":false},"author":6,"featured_media":4328,"parent":0,"menu_order":10,"comment_status":"closed","ping_status":"closed","template":"","meta":{"_acf_changed":false,"footnotes":""},"class_list":["post-1872","page","type-page","status-publish","has-post-thumbnail","hentry"],"acf":[],"yoast_head":"<!-- This site is optimized with the Yoast SEO plugin v27.5 - https:\/\/yoast.com\/product\/yoast-seo-wordpress\/ -->\n<title>Abogado de lesiones personales de Michigan - Kelly, Riggs &amp; Mansour<\/title>\n<meta name=\"description\" content=\"Merece una compensaci\u00f3n si result\u00f3 herido en un accidente en Michigan. Nuestros abogados de lesiones pueden ayudar. Cont\u00e1ctenos hoy para una revisi\u00f3n gratuita de su caso.\" \/>\n<meta name=\"robots\" content=\"index, follow, max-snippet:-1, max-image-preview:large, max-video-preview:-1\" \/>\n<link rel=\"canonical\" href=\"https:\/\/michiganaccidentattorneys.com\/es\/lesiones-personales\/\" \/>\n<meta property=\"og:locale\" content=\"es_ES\" \/>\n<meta property=\"og:type\" content=\"article\" \/>\n<meta property=\"og:title\" content=\"Abogado de lesiones personales de Michigan - Kelly, Riggs &amp; Mansour\" \/>\n<meta property=\"og:description\" content=\"Merece una compensaci\u00f3n si result\u00f3 herido en un accidente en Michigan. Nuestros abogados de lesiones pueden ayudar. Cont\u00e1ctenos hoy para una revisi\u00f3n gratuita de su caso.\" \/>\n<meta property=\"og:url\" content=\"https:\/\/michiganaccidentattorneys.com\/es\/lesiones-personales\/\" \/>\n<meta property=\"og:site_name\" content=\"Michigan Accident Attorneys\" \/>\n<meta property=\"article:publisher\" content=\"https:\/\/www.facebook.com\/profile.php?id=61556014234954\" \/>\n<meta property=\"article:modified_time\" content=\"2024-03-06T06:29:08+00:00\" \/>\n<meta property=\"og:image\" content=\"http:\/\/michiganaccidentattorneys.com\/wp-content\/uploads\/2024\/02\/personal-injury.jpg\" \/>\n\t<meta property=\"og:image:width\" content=\"500\" \/>\n\t<meta property=\"og:image:height\" content=\"334\" \/>\n\t<meta property=\"og:image:type\" content=\"image\/jpeg\" \/>\n<meta name=\"twitter:card\" content=\"summary_large_image\" \/>\n<meta name=\"twitter:site\" content=\"@MIAccidentAttys\" \/>\n<meta name=\"twitter:label1\" content=\"Tiempo de lectura\" \/>\n\t<meta name=\"twitter:data1\" content=\"3 minutos\" \/>\n<script type=\"application\/ld+json\" class=\"yoast-schema-graph\">{\"@context\":\"https:\\\/\\\/schema.org\",\"@graph\":[{\"@type\":\"WebPage\",\"@id\":\"https:\\\/\\\/michiganaccidentattorneys.com\\\/es\\\/lesiones-personales\\\/\",\"url\":\"https:\\\/\\\/michiganaccidentattorneys.com\\\/es\\\/lesiones-personales\\\/\",\"name\":\"Abogado de lesiones personales de Michigan - Kelly, Riggs & Mansour\",\"isPartOf\":{\"@id\":\"https:\\\/\\\/michiganaccidentattorneys.com\\\/es\\\/#website\"},\"primaryImageOfPage\":{\"@id\":\"https:\\\/\\\/michiganaccidentattorneys.com\\\/es\\\/lesiones-personales\\\/#primaryimage\"},\"image\":{\"@id\":\"https:\\\/\\\/michiganaccidentattorneys.com\\\/es\\\/lesiones-personales\\\/#primaryimage\"},\"thumbnailUrl\":\"https:\\\/\\\/michiganaccidentattorneys.com\\\/wp-content\\\/uploads\\\/2024\\\/02\\\/personal-injury.jpg\",\"datePublished\":\"2024-02-20T23:14:03+00:00\",\"dateModified\":\"2024-03-06T06:29:08+00:00\",\"description\":\"Merece una compensaci\u00f3n si result\u00f3 herido en un accidente en Michigan. Nuestros abogados de lesiones pueden ayudar. Cont\u00e1ctenos hoy para una revisi\u00f3n gratuita de su caso.\",\"breadcrumb\":{\"@id\":\"https:\\\/\\\/michiganaccidentattorneys.com\\\/es\\\/lesiones-personales\\\/#breadcrumb\"},\"inLanguage\":\"es\",\"potentialAction\":[{\"@type\":\"ReadAction\",\"target\":[\"https:\\\/\\\/michiganaccidentattorneys.com\\\/es\\\/lesiones-personales\\\/\"]}]},{\"@type\":\"ImageObject\",\"inLanguage\":\"es\",\"@id\":\"https:\\\/\\\/michiganaccidentattorneys.com\\\/es\\\/lesiones-personales\\\/#primaryimage\",\"url\":\"https:\\\/\\\/michiganaccidentattorneys.com\\\/wp-content\\\/uploads\\\/2024\\\/02\\\/personal-injury.jpg\",\"contentUrl\":\"https:\\\/\\\/michiganaccidentattorneys.com\\\/wp-content\\\/uploads\\\/2024\\\/02\\\/personal-injury.jpg\",\"width\":500,\"height\":334,\"caption\":\"personal injury\"},{\"@type\":\"BreadcrumbList\",\"@id\":\"https:\\\/\\\/michiganaccidentattorneys.com\\\/es\\\/lesiones-personales\\\/#breadcrumb\",\"itemListElement\":[{\"@type\":\"ListItem\",\"position\":1,\"name\":\"Inicio\",\"item\":\"https:\\\/\\\/michiganaccidentattorneys.com\\\/es\\\/\"},{\"@type\":\"ListItem\",\"position\":2,\"name\":\"Lesiones Personales\"}]},{\"@type\":\"WebSite\",\"@id\":\"https:\\\/\\\/michiganaccidentattorneys.com\\\/es\\\/#website\",\"url\":\"https:\\\/\\\/michiganaccidentattorneys.com\\\/es\\\/\",\"name\":\"Michigan Accident Attorneys\",\"description\":\"\",\"publisher\":{\"@id\":\"https:\\\/\\\/michiganaccidentattorneys.com\\\/es\\\/#organization\"},\"potentialAction\":[{\"@type\":\"SearchAction\",\"target\":{\"@type\":\"EntryPoint\",\"urlTemplate\":\"https:\\\/\\\/michiganaccidentattorneys.com\\\/es\\\/?s={search_term_string}\"},\"query-input\":{\"@type\":\"PropertyValueSpecification\",\"valueRequired\":true,\"valueName\":\"search_term_string\"}}],\"inLanguage\":\"es\"},{\"@type\":\"Organization\",\"@id\":\"https:\\\/\\\/michiganaccidentattorneys.com\\\/es\\\/#organization\",\"name\":\"Michigan Accident Attorneys\",\"url\":\"https:\\\/\\\/michiganaccidentattorneys.com\\\/es\\\/\",\"logo\":{\"@type\":\"ImageObject\",\"inLanguage\":\"es\",\"@id\":\"https:\\\/\\\/michiganaccidentattorneys.com\\\/es\\\/#\\\/schema\\\/logo\\\/image\\\/\",\"url\":\"https:\\\/\\\/michiganaccidentattorneys.com\\\/wp-content\\\/uploads\\\/2024\\\/02\\\/MAA-header-logo.png\",\"contentUrl\":\"https:\\\/\\\/michiganaccidentattorneys.com\\\/wp-content\\\/uploads\\\/2024\\\/02\\\/MAA-header-logo.png\",\"width\":227,\"height\":120,\"caption\":\"Michigan Accident Attorneys\"},\"image\":{\"@id\":\"https:\\\/\\\/michiganaccidentattorneys.com\\\/es\\\/#\\\/schema\\\/logo\\\/image\\\/\"},\"sameAs\":[\"https:\\\/\\\/www.facebook.com\\\/profile.php?id=61556014234954\",\"https:\\\/\\\/x.com\\\/MIAccidentAttys\",\"https:\\\/\\\/www.linkedin.com\\\/company\\\/michigan-accident-attorneys\\\/\",\"https:\\\/\\\/www.instagram.com\\\/michiganaccidentattorneys\\\/\"]}]}<\/script>\n<!-- \/ Yoast SEO plugin. -->","yoast_head_json":{"title":"Abogado de lesiones personales de Michigan - Kelly, Riggs & Mansour","description":"Merece una compensaci\u00f3n si result\u00f3 herido en un accidente en Michigan. Nuestros abogados de lesiones pueden ayudar. Cont\u00e1ctenos hoy para una revisi\u00f3n gratuita de su caso.","robots":{"index":"index","follow":"follow","max-snippet":"max-snippet:-1","max-image-preview":"max-image-preview:large","max-video-preview":"max-video-preview:-1"},"canonical":"https:\/\/michiganaccidentattorneys.com\/es\/lesiones-personales\/","og_locale":"es_ES","og_type":"article","og_title":"Abogado de lesiones personales de Michigan - Kelly, Riggs & Mansour","og_description":"Merece una compensaci\u00f3n si result\u00f3 herido en un accidente en Michigan. Nuestros abogados de lesiones pueden ayudar. Cont\u00e1ctenos hoy para una revisi\u00f3n gratuita de su caso.","og_url":"https:\/\/michiganaccidentattorneys.com\/es\/lesiones-personales\/","og_site_name":"Michigan Accident Attorneys","article_publisher":"https:\/\/www.facebook.com\/profile.php?id=61556014234954","article_modified_time":"2024-03-06T06:29:08+00:00","og_image":[{"width":500,"height":334,"url":"http:\/\/michiganaccidentattorneys.com\/wp-content\/uploads\/2024\/02\/personal-injury.jpg","type":"image\/jpeg"}],"twitter_card":"summary_large_image","twitter_site":"@MIAccidentAttys","twitter_misc":{"Tiempo de lectura":"3 minutos"},"schema":{"@context":"https:\/\/schema.org","@graph":[{"@type":"WebPage","@id":"https:\/\/michiganaccidentattorneys.com\/es\/lesiones-personales\/","url":"https:\/\/michiganaccidentattorneys.com\/es\/lesiones-personales\/","name":"Abogado de lesiones personales de Michigan - Kelly, Riggs & Mansour","isPartOf":{"@id":"https:\/\/michiganaccidentattorneys.com\/es\/#website"},"primaryImageOfPage":{"@id":"https:\/\/michiganaccidentattorneys.com\/es\/lesiones-personales\/#primaryimage"},"image":{"@id":"https:\/\/michiganaccidentattorneys.com\/es\/lesiones-personales\/#primaryimage"},"thumbnailUrl":"https:\/\/michiganaccidentattorneys.com\/wp-content\/uploads\/2024\/02\/personal-injury.jpg","datePublished":"2024-02-20T23:14:03+00:00","dateModified":"2024-03-06T06:29:08+00:00","description":"Merece una compensaci\u00f3n si result\u00f3 herido en un accidente en Michigan. Nuestros abogados de lesiones pueden ayudar. Cont\u00e1ctenos hoy para una revisi\u00f3n gratuita de su caso.","breadcrumb":{"@id":"https:\/\/michiganaccidentattorneys.com\/es\/lesiones-personales\/#breadcrumb"},"inLanguage":"es","potentialAction":[{"@type":"ReadAction","target":["https:\/\/michiganaccidentattorneys.com\/es\/lesiones-personales\/"]}]},{"@type":"ImageObject","inLanguage":"es","@id":"https:\/\/michiganaccidentattorneys.com\/es\/lesiones-personales\/#primaryimage","url":"https:\/\/michiganaccidentattorneys.com\/wp-content\/uploads\/2024\/02\/personal-injury.jpg","contentUrl":"https:\/\/michiganaccidentattorneys.com\/wp-content\/uploads\/2024\/02\/personal-injury.jpg","width":500,"height":334,"caption":"personal injury"},{"@type":"BreadcrumbList","@id":"https:\/\/michiganaccidentattorneys.com\/es\/lesiones-personales\/#breadcrumb","itemListElement":[{"@type":"ListItem","position":1,"name":"Inicio","item":"https:\/\/michiganaccidentattorneys.com\/es\/"},{"@type":"ListItem","position":2,"name":"Lesiones Personales"}]},{"@type":"WebSite","@id":"https:\/\/michiganaccidentattorneys.com\/es\/#website","url":"https:\/\/michiganaccidentattorneys.com\/es\/","name":"Michigan Accident Attorneys","description":"","publisher":{"@id":"https:\/\/michiganaccidentattorneys.com\/es\/#organization"},"potentialAction":[{"@type":"SearchAction","target":{"@type":"EntryPoint","urlTemplate":"https:\/\/michiganaccidentattorneys.com\/es\/?s={search_term_string}"},"query-input":{"@type":"PropertyValueSpecification","valueRequired":true,"valueName":"search_term_string"}}],"inLanguage":"es"},{"@type":"Organization","@id":"https:\/\/michiganaccidentattorneys.com\/es\/#organization","name":"Michigan Accident Attorneys","url":"https:\/\/michiganaccidentattorneys.com\/es\/","logo":{"@type":"ImageObject","inLanguage":"es","@id":"https:\/\/michiganaccidentattorneys.com\/es\/#\/schema\/logo\/image\/","url":"https:\/\/michiganaccidentattorneys.com\/wp-content\/uploads\/2024\/02\/MAA-header-logo.png","contentUrl":"https:\/\/michiganaccidentattorneys.com\/wp-content\/uploads\/2024\/02\/MAA-header-logo.png","width":227,"height":120,"caption":"Michigan Accident Attorneys"},"image":{"@id":"https:\/\/michiganaccidentattorneys.com\/es\/#\/schema\/logo\/image\/"},"sameAs":["https:\/\/www.facebook.com\/profile.php?id=61556014234954","https:\/\/x.com\/MIAccidentAttys","https:\/\/www.linkedin.com\/company\/michigan-accident-attorneys\/","https:\/\/www.instagram.com\/michiganaccidentattorneys\/"]}]}},"_links":{"self":[{"href":"https:\/\/michiganaccidentattorneys.com\/es\/wp-json\/wp\/v2\/pages\/1872","targetHints":{"allow":["GET"]}}],"collection":[{"href":"https:\/\/michiganaccidentattorneys.com\/es\/wp-json\/wp\/v2\/pages"}],"about":[{"href":"https:\/\/michiganaccidentattorneys.com\/es\/wp-json\/wp\/v2\/types\/page"}],"author":[{"embeddable":true,"href":"https:\/\/michiganaccidentattorneys.com\/es\/wp-json\/wp\/v2\/users\/6"}],"replies":[{"embeddable":true,"href":"https:\/\/michiganaccidentattorneys.com\/es\/wp-json\/wp\/v2\/comments?post=1872"}],"version-history":[{"count":0,"href":"https:\/\/michiganaccidentattorneys.com\/es\/wp-json\/wp\/v2\/pages\/1872\/revisions"}],"wp:featuredmedia":[{"embeddable":true,"href":"https:\/\/michiganaccidentattorneys.com\/es\/wp-json\/wp\/v2\/media\/4328"}],"wp:attachment":[{"href":"https:\/\/michiganaccidentattorneys.com\/es\/wp-json\/wp\/v2\/media?parent=1872"}],"curies":[{"name":"wp","href":"https:\/\/api.w.org\/{rel}","templated":true}]}}