{"id":1879,"date":"2024-02-20T23:14:16","date_gmt":"2024-02-20T23:14:16","guid":{"rendered":"https:\/\/michiganaccidentattorneys.cwdevelop.com\/?page_id=1879"},"modified":"2024-03-06T06:35:06","modified_gmt":"2024-03-06T06:35:06","slug":"accidentes-auto","status":"publish","type":"page","link":"https:\/\/michiganaccidentattorneys.com\/es\/accidentes-auto\/","title":{"rendered":"Accidentes de Autom\u00f3vil"},"content":{"rendered":"<h2>Abogados de Accidentes de Autom\u00f3vil en Michigan<\/h2>\n<p>Los accidentes de autom\u00f3vil pueden ocurrir en un instante, pero dejan consecuencias que cambian la vida. Si usted o un ser querido ha resultado herido en una colisi\u00f3n de veh\u00edculos en Michigan, necesita fuertes defensores legales a su lado. Michigan Accident Attorneys tiene d\u00e9cadas de experiencia representando con \u00e9xito a v\u00edctimas de lesiones por accidentes de autom\u00f3vil en todo Michigan.<\/p>\n<p>Entendemos lo devastador y abrumador que puede sentirse despu\u00e9s de un grave accidente de autom\u00f3vil. Perm\u00edtanos aliviar esa carga mientras usted se enfoca en sanar. Nuestros abogados de accidentes de autom\u00f3vil se encargar\u00e1n de cada aspecto de su reclamaci\u00f3n por lesiones para que pueda recuperarse con la tranquilidad de saber que sus derechos est\u00e1n protegidos.<\/p>\n<p>En Michigan Accident Attorneys, tenemos un historial probado de obtener compensaciones m\u00e1ximas para nuestros clientes despu\u00e9s de accidentes de autom\u00f3vil. Nuestro equipo sabe lo que se necesita para construir una reclamaci\u00f3n s\u00f3lida y no tiene miedo de llevar su caso a juicio si la compa\u00f1\u00eda de seguros no ofrece un acuerdo justo.<\/p>\n<p>No se enfrente solo a las compa\u00f1\u00edas de seguros: su objetivo es pagar lo menos posible. Con nosotros a su lado, tiene defensores legales compasivos trabajando incansablemente en su nombre. Tenemos los recursos y la experiencia para manejar incluso los casos de accidentes de autom\u00f3vil m\u00e1s complejos que involucran lesiones catastr\u00f3ficas. Nuestros abogados de accidentes de autom\u00f3vil luchar\u00e1n para obtener cada c\u00e9ntimo que merece usted bajo la ley de Michigan.<\/p>\n<p>Si\u00a0 se lesion\u00f3 en un accidente de autom\u00f3vil que no fue su culpa, p\u00f3ngase en contacto con nuestro equipo hoy para una consulta gratuita. No hay costos por adelantado y no cobramos si no ganamos su caso. Perm\u00edtanos ayudarlo a recuperar su vida despu\u00e9s de una devastadora colisi\u00f3n automovil\u00edstica. Usted merece justicia.<\/p>\n<p>En Michigan, hay m\u00e1s de 300,000 accidentes automovil\u00edsticos reportados cada a\u00f1o. Muchos de estos choques resultan en lesiones graves, como lesiones cerebrales traum\u00e1ticas, fracturas, lesiones internas, par\u00e1lisis y otras discapacidades permanentes. Los costos econ\u00f3micos de estos accidentes automovil\u00edsticos superan los $12 mil millones al a\u00f1o en nuestro estado.<\/p>\n<p>Cuando ocurren lesiones graves, las facturas pueden acumularse r\u00e1pidamente: gastos m\u00e9dicos, p\u00e9rdida de salarios, costos de rehabilitaci\u00f3n y terapia f\u00edsica, entre otros. Nuestros dedicados abogados de accidentes de autom\u00f3vil luchar\u00e1n para recuperar la compensaci\u00f3n por todas sus p\u00e9rdidas y da\u00f1os. No dejamos ninguna piedra sin vuelta en nuestra investigaci\u00f3n y construimos el caso m\u00e1s fuerte posible para que recibas una compensaci\u00f3n justa.<\/p>\n<p>Si un ser querido perdi\u00f3 la vida en una colisi\u00f3n automovil\u00edstica fatal causada por un conductor negligente, nuestros abogados de muerte por negligencia pueden luchar por una reclamaci\u00f3n en nombre de su familia para que tenga los recursos financieros para lamentar y seguir adelante. Ninguna cantidad de dinero puede devolverle a su ser querido, pero hacer responsable al conductor culpable es crucial.<\/p>\n<p>No espere para comunicarse con nosotros despu\u00e9s de un accidente automovil\u00edstico en Michigan. Cuanto antes podamos involucrarnos en su reclamaci\u00f3n por lesiones, mejor estaremos posicionados para preservar evidencia, entrevistar testigos, demostrar responsabilidad y buscar la compensaci\u00f3n m\u00e1xima para usted. Conf\u00eda en Michigan Accident Attorneys para manejar su caso de principio a fin mientras te tomas el tiempo para sanar. La justicia y la compensaci\u00f3n son posibles despu\u00e9s de accidentes automovil\u00edsticos graves; d\u00e9jenos luchar por el resultado que merece.<\/p>\n<p>En Michigan Accident Attorneys, nuestros abogados han litigado con \u00e9xito varias reclamaciones por lesiones despu\u00e9s de todo tipo de accidentes automovil\u00edsticos, incluyendo:<\/p>\n<ul>\n<li><strong>Colisiones frontales:<\/strong> Estos brutales choques a menudo resultan en lesiones cerebrales traum\u00e1ticas, da\u00f1o de la m\u00e9dula espinal, fracturas, da\u00f1o interno de \u00f3rganos y otros da\u00f1os catastr\u00f3ficos. Perseguimos incansablemente a los conductores responsables para obtener la compensaci\u00f3n m\u00e1xima.<\/li>\n<li><strong>Colisiones traseras:<\/strong> Conductores distra\u00eddos y negligentes que chocan por detr\u00e1s de otros causan muchos accidentes en Michigan. Nuestros abogados prueban la responsabilidad y luchan por la compensaci\u00f3n por latigazos cervical, lesiones de espalda, conmociones cerebrales y otros da\u00f1os causados por colisiones traseras.<\/li>\n<li><strong>Choques laterales:<\/strong> Cuando un conductor negligente choca contra el lado de otro autom\u00f3vil, pueden ocurrir lesiones graves como fracturas p\u00e9lvicas, lesiones de costillas, pulmones colapsados y laceraciones. Perm\u00edtanos hacer responsable completamente al conductor culpable.<\/li>\n<li><strong>Accidentes de vuelco:<\/strong> Los vuelcos de SUV y camionetas frecuentemente causan lesiones de la m\u00e9dula espinal, par\u00e1lisis, da\u00f1o cerebral traum\u00e1tico y muerte. Luchamos contra los fabricantes de autom\u00f3viles por dise\u00f1os defectuosos y buscamos justicia para las v\u00edctimas de vuelcos.<\/li>\n<li><strong>Accidentes por conducir ebrio:<\/strong> Las acciones imprudentes de los conductores ebrios causan miles de lesiones y muertes cada a\u00f1o. Luchamos por la compensaci\u00f3n m\u00e1xima para las v\u00edctimas y sus familias.<\/li>\n<li><strong>Reclamaciones de conductor sin seguro\/seguro insuficiente:<\/strong> Ayudamos a los clientes a presentar reclamaciones cuando el conductor culpable no tiene o tiene cobertura insuficiente para que pueda recuperar una compensaci\u00f3n justa.<\/li>\n<li><strong>Colisiones por choque y fuga:<\/strong> Incluso si el conductor culpable huy\u00f3 de la escena, nuestros abogados realizan una investigaci\u00f3n intensiva para identificar al conductor para que su reclamaci\u00f3n pueda avanzar.<\/li>\n<\/ul>\n<p>Con cualquier tipo de caso de lesiones por accidente automovil\u00edstico, nuestros abogados experimentados est\u00e1n comprometidos a luchar incansablemente por sus derechos a compensaci\u00f3n y justicia.\u00a0 <a href=\"https:\/\/michiganaccidentattorneys.com\/contact-us\/\">P\u00f3ngase en contacto con nosotros hoy<\/a>: estamos listos para ayudarlo a levantarse.<\/p>\n","protected":false},"excerpt":{"rendered":"<p>Abogados de Accidentes de Autom\u00f3vil en Michigan Los accidentes de autom\u00f3vil pueden ocurrir en un instante, pero dejan consecuencias que cambian la vida. Si usted o un ser querido ha resultado herido en una colisi\u00f3n de veh\u00edculos en Michigan, necesita fuertes defensores legales a su lado. Michigan Accident Attorneys tiene d\u00e9cadas de experiencia representando con \u00e9xito a v\u00edctimas&#8230;<\/p>\n","protected":false},"author":6,"featured_media":4338,"parent":0,"menu_order":13,"comment_status":"closed","ping_status":"closed","template":"","meta":{"_acf_changed":false,"footnotes":""},"class_list":["post-1879","page","type-page","status-publish","has-post-thumbnail","hentry"],"acf":[],"yoast_head":"<!-- This site is optimized with the Yoast SEO plugin v27.5 - https:\/\/yoast.com\/product\/yoast-seo-wordpress\/ -->\n<title>Abogado de accidentes automovil\u00edsticos de Michigan - Kelly, Riggs &amp; Mansour<\/title>\n<meta name=\"description\" content=\"Merece una compensaci\u00f3n si result\u00f3 herido en un accidente automovil\u00edstico en Michigan. Nuestros abogados de accidentes automovil\u00edsticos pueden ayudar. Cont\u00e1ctenos hoy para una revisi\u00f3n gratuita de su caso.\" \/>\n<meta name=\"robots\" content=\"index, follow, max-snippet:-1, max-image-preview:large, max-video-preview:-1\" \/>\n<link rel=\"canonical\" href=\"https:\/\/michiganaccidentattorneys.com\/es\/accidentes-auto\/\" \/>\n<meta property=\"og:locale\" content=\"es_ES\" \/>\n<meta property=\"og:type\" content=\"article\" \/>\n<meta property=\"og:title\" content=\"Abogado de accidentes automovil\u00edsticos de Michigan - Kelly, Riggs &amp; Mansour\" \/>\n<meta property=\"og:description\" content=\"Merece una compensaci\u00f3n si result\u00f3 herido en un accidente automovil\u00edstico en Michigan. Nuestros abogados de accidentes automovil\u00edsticos pueden ayudar. Cont\u00e1ctenos hoy para una revisi\u00f3n gratuita de su caso.\" \/>\n<meta property=\"og:url\" content=\"https:\/\/michiganaccidentattorneys.com\/es\/accidentes-auto\/\" \/>\n<meta property=\"og:site_name\" content=\"Michigan Accident Attorneys\" \/>\n<meta property=\"article:publisher\" content=\"https:\/\/www.facebook.com\/profile.php?id=61556014234954\" \/>\n<meta property=\"article:modified_time\" content=\"2024-03-06T06:35:06+00:00\" \/>\n<meta property=\"og:image\" content=\"http:\/\/michiganaccidentattorneys.com\/wp-content\/uploads\/2024\/02\/car-accidents.jpg\" \/>\n\t<meta property=\"og:image:width\" content=\"500\" \/>\n\t<meta property=\"og:image:height\" content=\"334\" \/>\n\t<meta property=\"og:image:type\" content=\"image\/jpeg\" \/>\n<meta name=\"twitter:card\" content=\"summary_large_image\" \/>\n<meta name=\"twitter:site\" content=\"@MIAccidentAttys\" \/>\n<meta name=\"twitter:label1\" content=\"Tiempo de lectura\" \/>\n\t<meta name=\"twitter:data1\" content=\"4 minutos\" \/>\n<script type=\"application\/ld+json\" class=\"yoast-schema-graph\">{\"@context\":\"https:\\\/\\\/schema.org\",\"@graph\":[{\"@type\":\"WebPage\",\"@id\":\"https:\\\/\\\/michiganaccidentattorneys.com\\\/es\\\/accidentes-auto\\\/\",\"url\":\"https:\\\/\\\/michiganaccidentattorneys.com\\\/es\\\/accidentes-auto\\\/\",\"name\":\"Abogado de accidentes automovil\u00edsticos de Michigan - Kelly, Riggs & Mansour\",\"isPartOf\":{\"@id\":\"https:\\\/\\\/michiganaccidentattorneys.com\\\/es\\\/#website\"},\"primaryImageOfPage\":{\"@id\":\"https:\\\/\\\/michiganaccidentattorneys.com\\\/es\\\/accidentes-auto\\\/#primaryimage\"},\"image\":{\"@id\":\"https:\\\/\\\/michiganaccidentattorneys.com\\\/es\\\/accidentes-auto\\\/#primaryimage\"},\"thumbnailUrl\":\"https:\\\/\\\/michiganaccidentattorneys.com\\\/wp-content\\\/uploads\\\/2024\\\/02\\\/car-accidents.jpg\",\"datePublished\":\"2024-02-20T23:14:16+00:00\",\"dateModified\":\"2024-03-06T06:35:06+00:00\",\"description\":\"Merece una compensaci\u00f3n si result\u00f3 herido en un accidente automovil\u00edstico en Michigan. Nuestros abogados de accidentes automovil\u00edsticos pueden ayudar. Cont\u00e1ctenos hoy para una revisi\u00f3n gratuita de su caso.\",\"breadcrumb\":{\"@id\":\"https:\\\/\\\/michiganaccidentattorneys.com\\\/es\\\/accidentes-auto\\\/#breadcrumb\"},\"inLanguage\":\"es\",\"potentialAction\":[{\"@type\":\"ReadAction\",\"target\":[\"https:\\\/\\\/michiganaccidentattorneys.com\\\/es\\\/accidentes-auto\\\/\"]}]},{\"@type\":\"ImageObject\",\"inLanguage\":\"es\",\"@id\":\"https:\\\/\\\/michiganaccidentattorneys.com\\\/es\\\/accidentes-auto\\\/#primaryimage\",\"url\":\"https:\\\/\\\/michiganaccidentattorneys.com\\\/wp-content\\\/uploads\\\/2024\\\/02\\\/car-accidents.jpg\",\"contentUrl\":\"https:\\\/\\\/michiganaccidentattorneys.com\\\/wp-content\\\/uploads\\\/2024\\\/02\\\/car-accidents.jpg\",\"width\":500,\"height\":334,\"caption\":\"car accidents\"},{\"@type\":\"BreadcrumbList\",\"@id\":\"https:\\\/\\\/michiganaccidentattorneys.com\\\/es\\\/accidentes-auto\\\/#breadcrumb\",\"itemListElement\":[{\"@type\":\"ListItem\",\"position\":1,\"name\":\"Inicio\",\"item\":\"https:\\\/\\\/michiganaccidentattorneys.com\\\/es\\\/\"},{\"@type\":\"ListItem\",\"position\":2,\"name\":\"Accidentes de Autom\u00f3vil\"}]},{\"@type\":\"WebSite\",\"@id\":\"https:\\\/\\\/michiganaccidentattorneys.com\\\/es\\\/#website\",\"url\":\"https:\\\/\\\/michiganaccidentattorneys.com\\\/es\\\/\",\"name\":\"Michigan Accident Attorneys\",\"description\":\"\",\"publisher\":{\"@id\":\"https:\\\/\\\/michiganaccidentattorneys.com\\\/es\\\/#organization\"},\"potentialAction\":[{\"@type\":\"SearchAction\",\"target\":{\"@type\":\"EntryPoint\",\"urlTemplate\":\"https:\\\/\\\/michiganaccidentattorneys.com\\\/es\\\/?s={search_term_string}\"},\"query-input\":{\"@type\":\"PropertyValueSpecification\",\"valueRequired\":true,\"valueName\":\"search_term_string\"}}],\"inLanguage\":\"es\"},{\"@type\":\"Organization\",\"@id\":\"https:\\\/\\\/michiganaccidentattorneys.com\\\/es\\\/#organization\",\"name\":\"Michigan Accident Attorneys\",\"url\":\"https:\\\/\\\/michiganaccidentattorneys.com\\\/es\\\/\",\"logo\":{\"@type\":\"ImageObject\",\"inLanguage\":\"es\",\"@id\":\"https:\\\/\\\/michiganaccidentattorneys.com\\\/es\\\/#\\\/schema\\\/logo\\\/image\\\/\",\"url\":\"https:\\\/\\\/michiganaccidentattorneys.com\\\/wp-content\\\/uploads\\\/2024\\\/02\\\/MAA-header-logo.png\",\"contentUrl\":\"https:\\\/\\\/michiganaccidentattorneys.com\\\/wp-content\\\/uploads\\\/2024\\\/02\\\/MAA-header-logo.png\",\"width\":227,\"height\":120,\"caption\":\"Michigan Accident Attorneys\"},\"image\":{\"@id\":\"https:\\\/\\\/michiganaccidentattorneys.com\\\/es\\\/#\\\/schema\\\/logo\\\/image\\\/\"},\"sameAs\":[\"https:\\\/\\\/www.facebook.com\\\/profile.php?id=61556014234954\",\"https:\\\/\\\/x.com\\\/MIAccidentAttys\",\"https:\\\/\\\/www.linkedin.com\\\/company\\\/michigan-accident-attorneys\\\/\",\"https:\\\/\\\/www.instagram.com\\\/michiganaccidentattorneys\\\/\"]}]}<\/script>\n<!-- \/ Yoast SEO plugin. -->","yoast_head_json":{"title":"Abogado de accidentes automovil\u00edsticos de Michigan - Kelly, Riggs & Mansour","description":"Merece una compensaci\u00f3n si result\u00f3 herido en un accidente automovil\u00edstico en Michigan. Nuestros abogados de accidentes automovil\u00edsticos pueden ayudar. Cont\u00e1ctenos hoy para una revisi\u00f3n gratuita de su caso.","robots":{"index":"index","follow":"follow","max-snippet":"max-snippet:-1","max-image-preview":"max-image-preview:large","max-video-preview":"max-video-preview:-1"},"canonical":"https:\/\/michiganaccidentattorneys.com\/es\/accidentes-auto\/","og_locale":"es_ES","og_type":"article","og_title":"Abogado de accidentes automovil\u00edsticos de Michigan - Kelly, Riggs & Mansour","og_description":"Merece una compensaci\u00f3n si result\u00f3 herido en un accidente automovil\u00edstico en Michigan. Nuestros abogados de accidentes automovil\u00edsticos pueden ayudar. Cont\u00e1ctenos hoy para una revisi\u00f3n gratuita de su caso.","og_url":"https:\/\/michiganaccidentattorneys.com\/es\/accidentes-auto\/","og_site_name":"Michigan Accident Attorneys","article_publisher":"https:\/\/www.facebook.com\/profile.php?id=61556014234954","article_modified_time":"2024-03-06T06:35:06+00:00","og_image":[{"width":500,"height":334,"url":"http:\/\/michiganaccidentattorneys.com\/wp-content\/uploads\/2024\/02\/car-accidents.jpg","type":"image\/jpeg"}],"twitter_card":"summary_large_image","twitter_site":"@MIAccidentAttys","twitter_misc":{"Tiempo de lectura":"4 minutos"},"schema":{"@context":"https:\/\/schema.org","@graph":[{"@type":"WebPage","@id":"https:\/\/michiganaccidentattorneys.com\/es\/accidentes-auto\/","url":"https:\/\/michiganaccidentattorneys.com\/es\/accidentes-auto\/","name":"Abogado de accidentes automovil\u00edsticos de Michigan - Kelly, Riggs & Mansour","isPartOf":{"@id":"https:\/\/michiganaccidentattorneys.com\/es\/#website"},"primaryImageOfPage":{"@id":"https:\/\/michiganaccidentattorneys.com\/es\/accidentes-auto\/#primaryimage"},"image":{"@id":"https:\/\/michiganaccidentattorneys.com\/es\/accidentes-auto\/#primaryimage"},"thumbnailUrl":"https:\/\/michiganaccidentattorneys.com\/wp-content\/uploads\/2024\/02\/car-accidents.jpg","datePublished":"2024-02-20T23:14:16+00:00","dateModified":"2024-03-06T06:35:06+00:00","description":"Merece una compensaci\u00f3n si result\u00f3 herido en un accidente automovil\u00edstico en Michigan. Nuestros abogados de accidentes automovil\u00edsticos pueden ayudar. Cont\u00e1ctenos hoy para una revisi\u00f3n gratuita de su caso.","breadcrumb":{"@id":"https:\/\/michiganaccidentattorneys.com\/es\/accidentes-auto\/#breadcrumb"},"inLanguage":"es","potentialAction":[{"@type":"ReadAction","target":["https:\/\/michiganaccidentattorneys.com\/es\/accidentes-auto\/"]}]},{"@type":"ImageObject","inLanguage":"es","@id":"https:\/\/michiganaccidentattorneys.com\/es\/accidentes-auto\/#primaryimage","url":"https:\/\/michiganaccidentattorneys.com\/wp-content\/uploads\/2024\/02\/car-accidents.jpg","contentUrl":"https:\/\/michiganaccidentattorneys.com\/wp-content\/uploads\/2024\/02\/car-accidents.jpg","width":500,"height":334,"caption":"car accidents"},{"@type":"BreadcrumbList","@id":"https:\/\/michiganaccidentattorneys.com\/es\/accidentes-auto\/#breadcrumb","itemListElement":[{"@type":"ListItem","position":1,"name":"Inicio","item":"https:\/\/michiganaccidentattorneys.com\/es\/"},{"@type":"ListItem","position":2,"name":"Accidentes de Autom\u00f3vil"}]},{"@type":"WebSite","@id":"https:\/\/michiganaccidentattorneys.com\/es\/#website","url":"https:\/\/michiganaccidentattorneys.com\/es\/","name":"Michigan Accident Attorneys","description":"","publisher":{"@id":"https:\/\/michiganaccidentattorneys.com\/es\/#organization"},"potentialAction":[{"@type":"SearchAction","target":{"@type":"EntryPoint","urlTemplate":"https:\/\/michiganaccidentattorneys.com\/es\/?s={search_term_string}"},"query-input":{"@type":"PropertyValueSpecification","valueRequired":true,"valueName":"search_term_string"}}],"inLanguage":"es"},{"@type":"Organization","@id":"https:\/\/michiganaccidentattorneys.com\/es\/#organization","name":"Michigan Accident Attorneys","url":"https:\/\/michiganaccidentattorneys.com\/es\/","logo":{"@type":"ImageObject","inLanguage":"es","@id":"https:\/\/michiganaccidentattorneys.com\/es\/#\/schema\/logo\/image\/","url":"https:\/\/michiganaccidentattorneys.com\/wp-content\/uploads\/2024\/02\/MAA-header-logo.png","contentUrl":"https:\/\/michiganaccidentattorneys.com\/wp-content\/uploads\/2024\/02\/MAA-header-logo.png","width":227,"height":120,"caption":"Michigan Accident Attorneys"},"image":{"@id":"https:\/\/michiganaccidentattorneys.com\/es\/#\/schema\/logo\/image\/"},"sameAs":["https:\/\/www.facebook.com\/profile.php?id=61556014234954","https:\/\/x.com\/MIAccidentAttys","https:\/\/www.linkedin.com\/company\/michigan-accident-attorneys\/","https:\/\/www.instagram.com\/michiganaccidentattorneys\/"]}]}},"_links":{"self":[{"href":"https:\/\/michiganaccidentattorneys.com\/es\/wp-json\/wp\/v2\/pages\/1879","targetHints":{"allow":["GET"]}}],"collection":[{"href":"https:\/\/michiganaccidentattorneys.com\/es\/wp-json\/wp\/v2\/pages"}],"about":[{"href":"https:\/\/michiganaccidentattorneys.com\/es\/wp-json\/wp\/v2\/types\/page"}],"author":[{"embeddable":true,"href":"https:\/\/michiganaccidentattorneys.com\/es\/wp-json\/wp\/v2\/users\/6"}],"replies":[{"embeddable":true,"href":"https:\/\/michiganaccidentattorneys.com\/es\/wp-json\/wp\/v2\/comments?post=1879"}],"version-history":[{"count":0,"href":"https:\/\/michiganaccidentattorneys.com\/es\/wp-json\/wp\/v2\/pages\/1879\/revisions"}],"wp:featuredmedia":[{"embeddable":true,"href":"https:\/\/michiganaccidentattorneys.com\/es\/wp-json\/wp\/v2\/media\/4338"}],"wp:attachment":[{"href":"https:\/\/michiganaccidentattorneys.com\/es\/wp-json\/wp\/v2\/media?parent=1879"}],"curies":[{"name":"wp","href":"https:\/\/api.w.org\/{rel}","templated":true}]}}