{"id":1886,"date":"2024-02-20T23:14:25","date_gmt":"2024-02-20T23:14:25","guid":{"rendered":"https:\/\/michiganaccidentattorneys.cwdevelop.com\/?page_id=1886"},"modified":"2024-03-06T06:38:32","modified_gmt":"2024-03-06T06:38:32","slug":"accidentes-camiones","status":"publish","type":"page","link":"https:\/\/michiganaccidentattorneys.com\/es\/accidentes-camiones\/","title":{"rendered":"Accidentes de Camion"},"content":{"rendered":"<h2>Abogados de Accidentes de Cami\u00f3n en Michigan<\/h2>\n<p>Cuando un cami\u00f3n semirremolque o veh\u00edculo comercial est\u00e1 involucrado en una colisi\u00f3n, las lesiones sufridas a menudo son catastr\u00f3ficas o fatales debido al tama\u00f1o y peso masivos de estos camiones. Los experimentados abogados de accidentes de cami\u00f3n de Michigan Accident Attorneys est\u00e1n aqu\u00ed para ayudar si usted o un ser querido result\u00f3\u00a0 herido en una colisi\u00f3n de camiones.<\/p>\n<p>Litigar con \u00e9xito casos de accidentes de camiones requiere conocimiento legal y recursos especializados que posee nuestro bufete. Entendemos las complejas regulaciones federales que gobiernan la industria de la industria transportista transporte de carga y c\u00f3mo construir un caso s\u00f3lido identificando la negligencia del conductor del cami\u00f3n y de la empresa de transporte a trav\u00e9s de una investigaci\u00f3n detallada y la reconstrucci\u00f3n del accidente.<\/p>\n<p>Nuestros abogados de accidentes de cami\u00f3n luchar\u00e1n agresivamente por la compensaci\u00f3n m\u00e1xima que usted merece, adem\u00e1s de perseguir al conductor del cami\u00f3n, tambi\u00e9n\u00a0 identificaremos a todas las partes potencialmente responsables, incluyendo la empresa de transporte, fabricantes de piezas, empresas de carga y otros. Tenemos un historial comprobado de resultados en casos de accidentes de camiones que involucran factores complejos como fatiga del conductor, carga incorrecta, piezas defectuosas, cargas sobredimensionadas y violaciones de las horas de servicio.<\/p>\n<p>Las compa\u00f1\u00edas de seguros y las empresas de camiones a menudo intentan desplazar la culpa en los accidentes de camiones. Con Michigan Accident Attorneys, tiene defensores incansables que tienen la experiencia necesaria para hacer frente a estos gigantes y proteger sus derechos. Entendemos tambi\u00e9n las leyes \u00fanicas que se aplican a los accidentes de camiones comerciales y sabemos c\u00f3mo navegar por este proceso complejo.<\/p>\n<p>Si\u00a0 se lesion\u00f3 por un conductor de cami\u00f3n negligente en Michigan, no te demores buscar ayuda legal experimentada.\u00a0 P\u00f3ngase en contacto con nuestro equipo hoy para una consulta gratuita. Perm\u00edtanos manejar su caso de accidente de cami\u00f3n mientras usted se concentra en su recuperaci\u00f3n. La justicia es posible.<\/p>\n<p>Los accidentes de camiones a menudo resultan en lesiones graves o fatales debido al tama\u00f1o y peso de los veh\u00edculos comerciales. Seg\u00fan datos de la Polic\u00eda Estatal de Michigan, hay m\u00e1s de 11,000 accidentes de camiones anualmente en nuestro estado, resultando en m\u00e1s de 100 muertes cada a\u00f1o. Causas comunes que vemos en colisiones de camiones en Michigan incluyen conductores fatigados o distra\u00eddos, carga mal asegurada, camiones sobrecargados, camiones mal mantenidos y errores del conductor del cami\u00f3n como exceso de velocidad o conducci\u00f3n imprudente.<\/p>\n<p>Los abogados experimentados de Michigan Accident Attorneys han manejado casos de lesiones por camiones que involucran:<\/p>\n<ul>\n<li>Lesiones cerebrales traum\u00e1ticas<\/li>\n<li>Da\u00f1o de la m\u00e9dula espinal<\/li>\n<li>Miembros amputadas<\/li>\n<li>Quemaduras graves<\/li>\n<li>Lesiones por aplastamiento<\/li>\n<li>Da\u00f1o de \u00f3rganos internos<\/li>\n<li>Muerte injusta<\/li>\n<\/ul>\n<p>Ning\u00fan caso de lesiones por accidente de cami\u00f3n es demasiado complejo para nuestro equipo legal dedicado. Tenemos la experiencia y los recursos para investigar completamente su accidente, demostrar la negligencia del conductor y la empresa del cami\u00f3n, y superar la defensa agresiva presentada por las compa\u00f1\u00edas de seguro multimillonarias. Nuestra principal prioridad es ganar la compensaci\u00f3n m\u00e1xima a trav\u00e9s de acuerdos o veredictos judiciales para que pueda avanzar financieramente seguro.<\/p>\n<p>Luchamos agresivamente contra las empresas de transporte y las compa\u00f1\u00edas de seguro que intentan evitar la responsabilidad despu\u00e9s de accidentes de camiones en Michigan. Algunas batallas legales comunes que enfrentamos para nuestros clientes:<\/p>\n<ul>\n<li>Hacer responsable a las empresas de transporte por la contrataci\u00f3n, capacitaci\u00f3n, retenci\u00f3n y supervisi\u00f3n de conductores negligentes<\/li>\n<li>Hacer que los fabricantes de camiones asuman la responsabilidad por equipos defectuosos como frenos defectuosos, neum\u00e1ticos, iluminaci\u00f3n o otras piezas<\/li>\n<li>Identificar y demostrar violaciones de las horas de servicio, conducci\u00f3n fatigada, carga incorrecta, problemas de l\u00edmite de peso<\/li>\n<li>Recuperar compensaci\u00f3n de m\u00faltiples partes responsables: conductor del cami\u00f3n, empresa de transporte, fabricantes de piezas, cargadores de carga, empresa de mantenimiento y m\u00e1s<\/li>\n<li>Desafiar la cobertura de seguros insuficiente y buscar compensaci\u00f3n a trav\u00e9s de diferentes v\u00edas<\/li>\n<\/ul>\n<p>Los abogados experimentados de accidentes de cami\u00f3n en nuestro bufete tienen un historial comprobado de \u00e9xito enfrent\u00e1ndose a compa\u00f1\u00edas de transporte y seguros poderosos en nombre de clientes lesionados. Con nosotros a su lado, puede tener la confianza de que recuperar\u00e1 la compensaci\u00f3n m\u00e1xima despu\u00e9s de un accidente devastador de cami\u00f3n. <a href=\"https:\/\/michiganaccidentattorneys.com\/contact-us\/\">P\u00f3ngase en contacto con nosotros hoy<\/a> para una defensa legal dedicada.<\/p>\n","protected":false},"excerpt":{"rendered":"<p>Abogados de Accidentes de Cami\u00f3n en Michigan Cuando un cami\u00f3n semirremolque o veh\u00edculo comercial est\u00e1 involucrado en una colisi\u00f3n, las lesiones sufridas a menudo son catastr\u00f3ficas o fatales debido al tama\u00f1o y peso masivos de estos camiones. Los experimentados abogados de accidentes de cami\u00f3n de Michigan Accident Attorneys est\u00e1n aqu\u00ed para ayudar si usted o un ser querido&#8230;<\/p>\n","protected":false},"author":6,"featured_media":4346,"parent":0,"menu_order":14,"comment_status":"closed","ping_status":"closed","template":"","meta":{"_acf_changed":false,"footnotes":""},"class_list":["post-1886","page","type-page","status-publish","has-post-thumbnail","hentry"],"acf":[],"yoast_head":"<!-- This site is optimized with the Yoast SEO plugin v27.5 - https:\/\/yoast.com\/product\/yoast-seo-wordpress\/ -->\n<title>Abogado de accidentes de camiones en Michigan - Kelly, Riggs &amp; Mansour<\/title>\n<meta name=\"description\" content=\"Merece una compensaci\u00f3n si result\u00f3 herido en un accidente de cami\u00f3n en Michigan. Nuestros abogados pueden ayudar. Cont\u00e1ctenos hoy para una revisi\u00f3n gratuita de su caso.\" \/>\n<meta name=\"robots\" content=\"index, follow, max-snippet:-1, max-image-preview:large, max-video-preview:-1\" \/>\n<link rel=\"canonical\" href=\"https:\/\/michiganaccidentattorneys.com\/es\/accidentes-camiones\/\" \/>\n<meta property=\"og:locale\" content=\"es_ES\" \/>\n<meta property=\"og:type\" content=\"article\" \/>\n<meta property=\"og:title\" content=\"Abogado de accidentes de camiones en Michigan - Kelly, Riggs &amp; Mansour\" \/>\n<meta property=\"og:description\" content=\"Merece una compensaci\u00f3n si result\u00f3 herido en un accidente de cami\u00f3n en Michigan. Nuestros abogados pueden ayudar. Cont\u00e1ctenos hoy para una revisi\u00f3n gratuita de su caso.\" \/>\n<meta property=\"og:url\" content=\"https:\/\/michiganaccidentattorneys.com\/es\/accidentes-camiones\/\" \/>\n<meta property=\"og:site_name\" content=\"Michigan Accident Attorneys\" \/>\n<meta property=\"article:publisher\" content=\"https:\/\/www.facebook.com\/profile.php?id=61556014234954\" \/>\n<meta property=\"article:modified_time\" content=\"2024-03-06T06:38:32+00:00\" \/>\n<meta property=\"og:image\" content=\"http:\/\/michiganaccidentattorneys.com\/wp-content\/uploads\/2024\/02\/truck-accidents.jpg\" \/>\n\t<meta property=\"og:image:width\" content=\"500\" \/>\n\t<meta property=\"og:image:height\" content=\"334\" \/>\n\t<meta property=\"og:image:type\" content=\"image\/jpeg\" \/>\n<meta name=\"twitter:card\" content=\"summary_large_image\" \/>\n<meta name=\"twitter:site\" content=\"@MIAccidentAttys\" \/>\n<meta name=\"twitter:label1\" content=\"Tiempo de lectura\" \/>\n\t<meta name=\"twitter:data1\" content=\"4 minutos\" \/>\n<script type=\"application\/ld+json\" class=\"yoast-schema-graph\">{\"@context\":\"https:\\\/\\\/schema.org\",\"@graph\":[{\"@type\":\"WebPage\",\"@id\":\"https:\\\/\\\/michiganaccidentattorneys.com\\\/es\\\/accidentes-camiones\\\/\",\"url\":\"https:\\\/\\\/michiganaccidentattorneys.com\\\/es\\\/accidentes-camiones\\\/\",\"name\":\"Abogado de accidentes de camiones en Michigan - Kelly, Riggs & Mansour\",\"isPartOf\":{\"@id\":\"https:\\\/\\\/michiganaccidentattorneys.com\\\/es\\\/#website\"},\"primaryImageOfPage\":{\"@id\":\"https:\\\/\\\/michiganaccidentattorneys.com\\\/es\\\/accidentes-camiones\\\/#primaryimage\"},\"image\":{\"@id\":\"https:\\\/\\\/michiganaccidentattorneys.com\\\/es\\\/accidentes-camiones\\\/#primaryimage\"},\"thumbnailUrl\":\"https:\\\/\\\/michiganaccidentattorneys.com\\\/wp-content\\\/uploads\\\/2024\\\/02\\\/truck-accidents.jpg\",\"datePublished\":\"2024-02-20T23:14:25+00:00\",\"dateModified\":\"2024-03-06T06:38:32+00:00\",\"description\":\"Merece una compensaci\u00f3n si result\u00f3 herido en un accidente de cami\u00f3n en Michigan. Nuestros abogados pueden ayudar. Cont\u00e1ctenos hoy para una revisi\u00f3n gratuita de su caso.\",\"breadcrumb\":{\"@id\":\"https:\\\/\\\/michiganaccidentattorneys.com\\\/es\\\/accidentes-camiones\\\/#breadcrumb\"},\"inLanguage\":\"es\",\"potentialAction\":[{\"@type\":\"ReadAction\",\"target\":[\"https:\\\/\\\/michiganaccidentattorneys.com\\\/es\\\/accidentes-camiones\\\/\"]}]},{\"@type\":\"ImageObject\",\"inLanguage\":\"es\",\"@id\":\"https:\\\/\\\/michiganaccidentattorneys.com\\\/es\\\/accidentes-camiones\\\/#primaryimage\",\"url\":\"https:\\\/\\\/michiganaccidentattorneys.com\\\/wp-content\\\/uploads\\\/2024\\\/02\\\/truck-accidents.jpg\",\"contentUrl\":\"https:\\\/\\\/michiganaccidentattorneys.com\\\/wp-content\\\/uploads\\\/2024\\\/02\\\/truck-accidents.jpg\",\"width\":500,\"height\":334,\"caption\":\"truck accidents\"},{\"@type\":\"BreadcrumbList\",\"@id\":\"https:\\\/\\\/michiganaccidentattorneys.com\\\/es\\\/accidentes-camiones\\\/#breadcrumb\",\"itemListElement\":[{\"@type\":\"ListItem\",\"position\":1,\"name\":\"Inicio\",\"item\":\"https:\\\/\\\/michiganaccidentattorneys.com\\\/es\\\/\"},{\"@type\":\"ListItem\",\"position\":2,\"name\":\"Accidentes de Camion\"}]},{\"@type\":\"WebSite\",\"@id\":\"https:\\\/\\\/michiganaccidentattorneys.com\\\/es\\\/#website\",\"url\":\"https:\\\/\\\/michiganaccidentattorneys.com\\\/es\\\/\",\"name\":\"Michigan Accident Attorneys\",\"description\":\"\",\"publisher\":{\"@id\":\"https:\\\/\\\/michiganaccidentattorneys.com\\\/es\\\/#organization\"},\"potentialAction\":[{\"@type\":\"SearchAction\",\"target\":{\"@type\":\"EntryPoint\",\"urlTemplate\":\"https:\\\/\\\/michiganaccidentattorneys.com\\\/es\\\/?s={search_term_string}\"},\"query-input\":{\"@type\":\"PropertyValueSpecification\",\"valueRequired\":true,\"valueName\":\"search_term_string\"}}],\"inLanguage\":\"es\"},{\"@type\":\"Organization\",\"@id\":\"https:\\\/\\\/michiganaccidentattorneys.com\\\/es\\\/#organization\",\"name\":\"Michigan Accident Attorneys\",\"url\":\"https:\\\/\\\/michiganaccidentattorneys.com\\\/es\\\/\",\"logo\":{\"@type\":\"ImageObject\",\"inLanguage\":\"es\",\"@id\":\"https:\\\/\\\/michiganaccidentattorneys.com\\\/es\\\/#\\\/schema\\\/logo\\\/image\\\/\",\"url\":\"https:\\\/\\\/michiganaccidentattorneys.com\\\/wp-content\\\/uploads\\\/2024\\\/02\\\/MAA-header-logo.png\",\"contentUrl\":\"https:\\\/\\\/michiganaccidentattorneys.com\\\/wp-content\\\/uploads\\\/2024\\\/02\\\/MAA-header-logo.png\",\"width\":227,\"height\":120,\"caption\":\"Michigan Accident Attorneys\"},\"image\":{\"@id\":\"https:\\\/\\\/michiganaccidentattorneys.com\\\/es\\\/#\\\/schema\\\/logo\\\/image\\\/\"},\"sameAs\":[\"https:\\\/\\\/www.facebook.com\\\/profile.php?id=61556014234954\",\"https:\\\/\\\/x.com\\\/MIAccidentAttys\",\"https:\\\/\\\/www.linkedin.com\\\/company\\\/michigan-accident-attorneys\\\/\",\"https:\\\/\\\/www.instagram.com\\\/michiganaccidentattorneys\\\/\"]}]}<\/script>\n<!-- \/ Yoast SEO plugin. -->","yoast_head_json":{"title":"Abogado de accidentes de camiones en Michigan - Kelly, Riggs & Mansour","description":"Merece una compensaci\u00f3n si result\u00f3 herido en un accidente de cami\u00f3n en Michigan. Nuestros abogados pueden ayudar. Cont\u00e1ctenos hoy para una revisi\u00f3n gratuita de su caso.","robots":{"index":"index","follow":"follow","max-snippet":"max-snippet:-1","max-image-preview":"max-image-preview:large","max-video-preview":"max-video-preview:-1"},"canonical":"https:\/\/michiganaccidentattorneys.com\/es\/accidentes-camiones\/","og_locale":"es_ES","og_type":"article","og_title":"Abogado de accidentes de camiones en Michigan - Kelly, Riggs & Mansour","og_description":"Merece una compensaci\u00f3n si result\u00f3 herido en un accidente de cami\u00f3n en Michigan. Nuestros abogados pueden ayudar. Cont\u00e1ctenos hoy para una revisi\u00f3n gratuita de su caso.","og_url":"https:\/\/michiganaccidentattorneys.com\/es\/accidentes-camiones\/","og_site_name":"Michigan Accident Attorneys","article_publisher":"https:\/\/www.facebook.com\/profile.php?id=61556014234954","article_modified_time":"2024-03-06T06:38:32+00:00","og_image":[{"width":500,"height":334,"url":"http:\/\/michiganaccidentattorneys.com\/wp-content\/uploads\/2024\/02\/truck-accidents.jpg","type":"image\/jpeg"}],"twitter_card":"summary_large_image","twitter_site":"@MIAccidentAttys","twitter_misc":{"Tiempo de lectura":"4 minutos"},"schema":{"@context":"https:\/\/schema.org","@graph":[{"@type":"WebPage","@id":"https:\/\/michiganaccidentattorneys.com\/es\/accidentes-camiones\/","url":"https:\/\/michiganaccidentattorneys.com\/es\/accidentes-camiones\/","name":"Abogado de accidentes de camiones en Michigan - Kelly, Riggs & Mansour","isPartOf":{"@id":"https:\/\/michiganaccidentattorneys.com\/es\/#website"},"primaryImageOfPage":{"@id":"https:\/\/michiganaccidentattorneys.com\/es\/accidentes-camiones\/#primaryimage"},"image":{"@id":"https:\/\/michiganaccidentattorneys.com\/es\/accidentes-camiones\/#primaryimage"},"thumbnailUrl":"https:\/\/michiganaccidentattorneys.com\/wp-content\/uploads\/2024\/02\/truck-accidents.jpg","datePublished":"2024-02-20T23:14:25+00:00","dateModified":"2024-03-06T06:38:32+00:00","description":"Merece una compensaci\u00f3n si result\u00f3 herido en un accidente de cami\u00f3n en Michigan. Nuestros abogados pueden ayudar. Cont\u00e1ctenos hoy para una revisi\u00f3n gratuita de su caso.","breadcrumb":{"@id":"https:\/\/michiganaccidentattorneys.com\/es\/accidentes-camiones\/#breadcrumb"},"inLanguage":"es","potentialAction":[{"@type":"ReadAction","target":["https:\/\/michiganaccidentattorneys.com\/es\/accidentes-camiones\/"]}]},{"@type":"ImageObject","inLanguage":"es","@id":"https:\/\/michiganaccidentattorneys.com\/es\/accidentes-camiones\/#primaryimage","url":"https:\/\/michiganaccidentattorneys.com\/wp-content\/uploads\/2024\/02\/truck-accidents.jpg","contentUrl":"https:\/\/michiganaccidentattorneys.com\/wp-content\/uploads\/2024\/02\/truck-accidents.jpg","width":500,"height":334,"caption":"truck accidents"},{"@type":"BreadcrumbList","@id":"https:\/\/michiganaccidentattorneys.com\/es\/accidentes-camiones\/#breadcrumb","itemListElement":[{"@type":"ListItem","position":1,"name":"Inicio","item":"https:\/\/michiganaccidentattorneys.com\/es\/"},{"@type":"ListItem","position":2,"name":"Accidentes de Camion"}]},{"@type":"WebSite","@id":"https:\/\/michiganaccidentattorneys.com\/es\/#website","url":"https:\/\/michiganaccidentattorneys.com\/es\/","name":"Michigan Accident Attorneys","description":"","publisher":{"@id":"https:\/\/michiganaccidentattorneys.com\/es\/#organization"},"potentialAction":[{"@type":"SearchAction","target":{"@type":"EntryPoint","urlTemplate":"https:\/\/michiganaccidentattorneys.com\/es\/?s={search_term_string}"},"query-input":{"@type":"PropertyValueSpecification","valueRequired":true,"valueName":"search_term_string"}}],"inLanguage":"es"},{"@type":"Organization","@id":"https:\/\/michiganaccidentattorneys.com\/es\/#organization","name":"Michigan Accident Attorneys","url":"https:\/\/michiganaccidentattorneys.com\/es\/","logo":{"@type":"ImageObject","inLanguage":"es","@id":"https:\/\/michiganaccidentattorneys.com\/es\/#\/schema\/logo\/image\/","url":"https:\/\/michiganaccidentattorneys.com\/wp-content\/uploads\/2024\/02\/MAA-header-logo.png","contentUrl":"https:\/\/michiganaccidentattorneys.com\/wp-content\/uploads\/2024\/02\/MAA-header-logo.png","width":227,"height":120,"caption":"Michigan Accident Attorneys"},"image":{"@id":"https:\/\/michiganaccidentattorneys.com\/es\/#\/schema\/logo\/image\/"},"sameAs":["https:\/\/www.facebook.com\/profile.php?id=61556014234954","https:\/\/x.com\/MIAccidentAttys","https:\/\/www.linkedin.com\/company\/michigan-accident-attorneys\/","https:\/\/www.instagram.com\/michiganaccidentattorneys\/"]}]}},"_links":{"self":[{"href":"https:\/\/michiganaccidentattorneys.com\/es\/wp-json\/wp\/v2\/pages\/1886","targetHints":{"allow":["GET"]}}],"collection":[{"href":"https:\/\/michiganaccidentattorneys.com\/es\/wp-json\/wp\/v2\/pages"}],"about":[{"href":"https:\/\/michiganaccidentattorneys.com\/es\/wp-json\/wp\/v2\/types\/page"}],"author":[{"embeddable":true,"href":"https:\/\/michiganaccidentattorneys.com\/es\/wp-json\/wp\/v2\/users\/6"}],"replies":[{"embeddable":true,"href":"https:\/\/michiganaccidentattorneys.com\/es\/wp-json\/wp\/v2\/comments?post=1886"}],"version-history":[{"count":0,"href":"https:\/\/michiganaccidentattorneys.com\/es\/wp-json\/wp\/v2\/pages\/1886\/revisions"}],"wp:featuredmedia":[{"embeddable":true,"href":"https:\/\/michiganaccidentattorneys.com\/es\/wp-json\/wp\/v2\/media\/4346"}],"wp:attachment":[{"href":"https:\/\/michiganaccidentattorneys.com\/es\/wp-json\/wp\/v2\/media?parent=1886"}],"curies":[{"name":"wp","href":"https:\/\/api.w.org\/{rel}","templated":true}]}}