{"id":1893,"date":"2024-02-20T23:14:35","date_gmt":"2024-02-20T23:14:35","guid":{"rendered":"https:\/\/michiganaccidentattorneys.cwdevelop.com\/?page_id=1893"},"modified":"2024-03-06T06:43:44","modified_gmt":"2024-03-06T06:43:44","slug":"accidentes-motocicletas","status":"publish","type":"page","link":"https:\/\/michiganaccidentattorneys.com\/es\/accidentes-motocicletas\/","title":{"rendered":"Accidentes de Motocicleta"},"content":{"rendered":"<h2>Michigan Motorcycle Accident Attorneys<\/h2>\n<p>Los motociclistas enfrentan riesgos graves en las carreteras de Michigan cada vez que conducen. Si usted o un miembro de su familia ha resultado lesionado en una colisi\u00f3n de motocicleta causada por un conductor negligente, los abogados de accidentes de motocicleta en Michigan Accident Attorneys pueden ayudar. Tenemos un historial en casos de lesiones por accidentes de motocicleta.<\/p>\n<p>Nuestros abogados comprenden los problemas legales \u00fanicos que a menudo surgen para los motociclistas despu\u00e9s de los accidentes, incluido el sesgo contra los motociclistas. Somos defensores agresivos que exigen justicia y luchamos para superar ese sesgo. La compa\u00f1\u00eda de seguros puede intentar poner parte o toda la culpa en usted; sabemos c\u00f3mo refutar esos argumentos y demostrar la culpa del otro conductor.<\/p>\n<p>Los abogados experimentados de accidentes de motocicleta en Michigan Accident Attorneys realizan investigaciones exhaustivas y reconstrucci\u00f3n de accidentes para construir el caso m\u00e1s fuerte posible en su nombre. Nuestro equipo legal se encargar\u00e1 de cada aspecto de su reclamaci\u00f3n por lesiones para que pueda concentrarse en su recuperaci\u00f3n con tranquilidad.<\/p>\n<p>No tenemos miedo de llevar un caso de lesiones por accidente de motocicleta a juicio si es necesario para obtener una compensaci\u00f3n justa. Nuestro bufete tiene los recursos necesarios para documentar y demostrar sus da\u00f1os econ\u00f3micos y no econ\u00f3micos. Con nosotros a su lado, puedes estar seguro de que la compa\u00f1\u00eda de seguros ser\u00e1 responsabilizada. La justicia y la compensaci\u00f3n m\u00e1xima son posibles despu\u00e9s de una colisi\u00f3n de motocicleta; perm\u00edtanos luchar por el resultado que usted merece.<\/p>\n<p>Contacte a Michigan Accident Attorneys hoy para una consulta gratuita y sin compromiso con un abogado de lesiones por accidente de motocicleta. Estamos comprometidos a ayudar a los motociclistas lesionados a ponerse de pie despu\u00e9s de los accidentes devastadores de motocicleta en Michigan.<\/p>\n<p>En Michigan, los motociclistas tienen 27 veces m\u00e1s probable de morir en accidentes en comparaci\u00f3n con las personas en veh\u00edculos cerrados. M\u00e1s de 3,000 motociclistas resultan gravemente heridos en las carreteras de Michigan cada a\u00f1o. Algunos factores comunes que vemos en las colisiones de motocicletas causadas por otros conductores incluyen:<\/p>\n<ul>\n<li>No ceder el derecho de paso<\/li>\n<li>Cambios de carril inseguros<\/li>\n<li>Conducci\u00f3n distra\u00edda<\/li>\n<li>Exceso de velocidad<\/li>\n<li>Manejar pegado al veh\u00edculo de delante<\/li>\n<\/ul>\n<p>Nuestros abogados de accidentes de motocicleta dedicados investigan estos accidentes a fondo para demostrar la negligencia y superar el sesgo de la compa\u00f1\u00eda de seguros. Hemos litigado con \u00e9xito casos de lesiones que involucran da\u00f1o cerebral traum\u00e1tico, lesiones de m\u00e9dula espinal, amputaciones, heridas por erupci\u00f3n en la carretera, fracturas, hemorragias internas y la muerte injusta de motociclistas.<\/p>\n<p>Necesitas defensores legales agresivos a su lado contra conductores negligentes y compa\u00f1\u00edas de seguros. Nuestro bufete tiene los recursos y la experiencia en la sala de justicia para obtener la compensaci\u00f3n m\u00e1xima para v\u00edctimas heridas y familias afligidas despu\u00e9s de accidentes devastadores de motocicleta en Michigan. Conf\u00ede en nosotros para manejar las complejidades legales para que pueda concentrarse en lo que m\u00e1s importa: su recuperaci\u00f3n.<\/p>\n<p>Los abogados de accidentes de motocicleta en nuestra bufete no dejan ninguna piedra sin vuelta al investigar accidentes. Aseguramos reportes de accidentes, recopilar pruebas cr\u00edticas como marcas de frenado y restos, entrevistar a testigos presenciales, descargar datos del EDR y trabajar con expertos en reconstrucci\u00f3n de accidentes para demostrar la culpa y asegurar justicia para los motociclistas heridos.<\/p>\n<p>Luchamos para superar los argumentos comunes de las compa\u00f1\u00edas de seguros utilizados para evitar una compensaci\u00f3n justa a los motociclistas, como:<\/p>\n<ul>\n<li>Insinuar que el motociclista iba a exceso de velocidad cuando no hay evidencia que lo demuestre<\/li>\n<li>Demostrar que el motociclista no llevaba casco a pesar de la falta de pruebas<\/li>\n<li>Alegar que el motociclista no estaba adecuadamente licenciado o capacitado sin hechos de apoyo<\/li>\n<li>Argumenta que los faros de la motocicleta estaba apagada sin ninguna evidencia<\/li>\n<li>Culpar al motociclista por no ver al otro veh\u00edculo aunque le golpe\u00f3<\/li>\n<\/ul>\n<p>Con nuestros abogados tenaces a su lado, puede confiar usted en que vamos a recuperar la compensaci\u00f3n m\u00e1xima despu\u00e9s de un accidente de motocicleta en Michigan. Tenemos un historial comprobado de resultados, y no dejaremos de luchar por usted. <a href=\"https:\/\/michiganaccidentattorneys.com\/contact-us\/\">P\u00f3ngase en contacto<\/a> con nuestro equipo hoy para una defensa legal dedicada.<\/p>\n","protected":false},"excerpt":{"rendered":"<p>Michigan Motorcycle Accident Attorneys Los motociclistas enfrentan riesgos graves en las carreteras de Michigan cada vez que conducen. Si usted o un miembro de su familia ha resultado lesionado en una colisi\u00f3n de motocicleta causada por un conductor negligente, los abogados de accidentes de motocicleta en Michigan Accident Attorneys pueden ayudar. Tenemos un historial en casos de lesiones&#8230;<\/p>\n","protected":false},"author":6,"featured_media":4354,"parent":0,"menu_order":15,"comment_status":"closed","ping_status":"closed","template":"","meta":{"_acf_changed":false,"footnotes":""},"class_list":["post-1893","page","type-page","status-publish","has-post-thumbnail","hentry"],"acf":[],"yoast_head":"<!-- This site is optimized with the Yoast SEO plugin v27.5 - https:\/\/yoast.com\/product\/yoast-seo-wordpress\/ -->\n<title>Abogado de accidentes de motocicleta de Michigan - Kelly, Riggs &amp; Mansour<\/title>\n<meta name=\"description\" content=\"Merece una compensaci\u00f3n si result\u00f3 herido en un accidente de motocicleta en Michigan. Nuestros abogados pueden ayudar. Cont\u00e1ctenos hoy para una revisi\u00f3n gratuita de su caso.\" \/>\n<meta name=\"robots\" content=\"index, follow, max-snippet:-1, max-image-preview:large, max-video-preview:-1\" \/>\n<link rel=\"canonical\" href=\"https:\/\/michiganaccidentattorneys.com\/es\/accidentes-motocicletas\/\" \/>\n<meta property=\"og:locale\" content=\"es_ES\" \/>\n<meta property=\"og:type\" content=\"article\" \/>\n<meta property=\"og:title\" content=\"Abogado de accidentes de motocicleta de Michigan - Kelly, Riggs &amp; Mansour\" \/>\n<meta property=\"og:description\" content=\"Merece una compensaci\u00f3n si result\u00f3 herido en un accidente de motocicleta en Michigan. Nuestros abogados pueden ayudar. Cont\u00e1ctenos hoy para una revisi\u00f3n gratuita de su caso.\" \/>\n<meta property=\"og:url\" content=\"https:\/\/michiganaccidentattorneys.com\/es\/accidentes-motocicletas\/\" \/>\n<meta property=\"og:site_name\" content=\"Michigan Accident Attorneys\" \/>\n<meta property=\"article:publisher\" content=\"https:\/\/www.facebook.com\/profile.php?id=61556014234954\" \/>\n<meta property=\"article:modified_time\" content=\"2024-03-06T06:43:44+00:00\" \/>\n<meta property=\"og:image\" content=\"http:\/\/michiganaccidentattorneys.com\/wp-content\/uploads\/2024\/02\/motorcycle-accidents.jpg\" \/>\n\t<meta property=\"og:image:width\" content=\"500\" \/>\n\t<meta property=\"og:image:height\" content=\"334\" \/>\n\t<meta property=\"og:image:type\" content=\"image\/jpeg\" \/>\n<meta name=\"twitter:card\" content=\"summary_large_image\" \/>\n<meta name=\"twitter:site\" content=\"@MIAccidentAttys\" \/>\n<meta name=\"twitter:label1\" content=\"Tiempo de lectura\" \/>\n\t<meta name=\"twitter:data1\" content=\"4 minutos\" \/>\n<script type=\"application\/ld+json\" class=\"yoast-schema-graph\">{\"@context\":\"https:\\\/\\\/schema.org\",\"@graph\":[{\"@type\":\"WebPage\",\"@id\":\"https:\\\/\\\/michiganaccidentattorneys.com\\\/es\\\/accidentes-motocicletas\\\/\",\"url\":\"https:\\\/\\\/michiganaccidentattorneys.com\\\/es\\\/accidentes-motocicletas\\\/\",\"name\":\"Abogado de accidentes de motocicleta de Michigan - Kelly, Riggs & Mansour\",\"isPartOf\":{\"@id\":\"https:\\\/\\\/michiganaccidentattorneys.com\\\/es\\\/#website\"},\"primaryImageOfPage\":{\"@id\":\"https:\\\/\\\/michiganaccidentattorneys.com\\\/es\\\/accidentes-motocicletas\\\/#primaryimage\"},\"image\":{\"@id\":\"https:\\\/\\\/michiganaccidentattorneys.com\\\/es\\\/accidentes-motocicletas\\\/#primaryimage\"},\"thumbnailUrl\":\"https:\\\/\\\/michiganaccidentattorneys.com\\\/wp-content\\\/uploads\\\/2024\\\/02\\\/motorcycle-accidents.jpg\",\"datePublished\":\"2024-02-20T23:14:35+00:00\",\"dateModified\":\"2024-03-06T06:43:44+00:00\",\"description\":\"Merece una compensaci\u00f3n si result\u00f3 herido en un accidente de motocicleta en Michigan. Nuestros abogados pueden ayudar. Cont\u00e1ctenos hoy para una revisi\u00f3n gratuita de su caso.\",\"breadcrumb\":{\"@id\":\"https:\\\/\\\/michiganaccidentattorneys.com\\\/es\\\/accidentes-motocicletas\\\/#breadcrumb\"},\"inLanguage\":\"es\",\"potentialAction\":[{\"@type\":\"ReadAction\",\"target\":[\"https:\\\/\\\/michiganaccidentattorneys.com\\\/es\\\/accidentes-motocicletas\\\/\"]}]},{\"@type\":\"ImageObject\",\"inLanguage\":\"es\",\"@id\":\"https:\\\/\\\/michiganaccidentattorneys.com\\\/es\\\/accidentes-motocicletas\\\/#primaryimage\",\"url\":\"https:\\\/\\\/michiganaccidentattorneys.com\\\/wp-content\\\/uploads\\\/2024\\\/02\\\/motorcycle-accidents.jpg\",\"contentUrl\":\"https:\\\/\\\/michiganaccidentattorneys.com\\\/wp-content\\\/uploads\\\/2024\\\/02\\\/motorcycle-accidents.jpg\",\"width\":500,\"height\":334,\"caption\":\"motorcycle accidents\"},{\"@type\":\"BreadcrumbList\",\"@id\":\"https:\\\/\\\/michiganaccidentattorneys.com\\\/es\\\/accidentes-motocicletas\\\/#breadcrumb\",\"itemListElement\":[{\"@type\":\"ListItem\",\"position\":1,\"name\":\"Inicio\",\"item\":\"https:\\\/\\\/michiganaccidentattorneys.com\\\/es\\\/\"},{\"@type\":\"ListItem\",\"position\":2,\"name\":\"Accidentes de Motocicleta\"}]},{\"@type\":\"WebSite\",\"@id\":\"https:\\\/\\\/michiganaccidentattorneys.com\\\/es\\\/#website\",\"url\":\"https:\\\/\\\/michiganaccidentattorneys.com\\\/es\\\/\",\"name\":\"Michigan Accident Attorneys\",\"description\":\"\",\"publisher\":{\"@id\":\"https:\\\/\\\/michiganaccidentattorneys.com\\\/es\\\/#organization\"},\"potentialAction\":[{\"@type\":\"SearchAction\",\"target\":{\"@type\":\"EntryPoint\",\"urlTemplate\":\"https:\\\/\\\/michiganaccidentattorneys.com\\\/es\\\/?s={search_term_string}\"},\"query-input\":{\"@type\":\"PropertyValueSpecification\",\"valueRequired\":true,\"valueName\":\"search_term_string\"}}],\"inLanguage\":\"es\"},{\"@type\":\"Organization\",\"@id\":\"https:\\\/\\\/michiganaccidentattorneys.com\\\/es\\\/#organization\",\"name\":\"Michigan Accident Attorneys\",\"url\":\"https:\\\/\\\/michiganaccidentattorneys.com\\\/es\\\/\",\"logo\":{\"@type\":\"ImageObject\",\"inLanguage\":\"es\",\"@id\":\"https:\\\/\\\/michiganaccidentattorneys.com\\\/es\\\/#\\\/schema\\\/logo\\\/image\\\/\",\"url\":\"https:\\\/\\\/michiganaccidentattorneys.com\\\/wp-content\\\/uploads\\\/2024\\\/02\\\/MAA-header-logo.png\",\"contentUrl\":\"https:\\\/\\\/michiganaccidentattorneys.com\\\/wp-content\\\/uploads\\\/2024\\\/02\\\/MAA-header-logo.png\",\"width\":227,\"height\":120,\"caption\":\"Michigan Accident Attorneys\"},\"image\":{\"@id\":\"https:\\\/\\\/michiganaccidentattorneys.com\\\/es\\\/#\\\/schema\\\/logo\\\/image\\\/\"},\"sameAs\":[\"https:\\\/\\\/www.facebook.com\\\/profile.php?id=61556014234954\",\"https:\\\/\\\/x.com\\\/MIAccidentAttys\",\"https:\\\/\\\/www.linkedin.com\\\/company\\\/michigan-accident-attorneys\\\/\",\"https:\\\/\\\/www.instagram.com\\\/michiganaccidentattorneys\\\/\"]}]}<\/script>\n<!-- \/ Yoast SEO plugin. -->","yoast_head_json":{"title":"Abogado de accidentes de motocicleta de Michigan - Kelly, Riggs & Mansour","description":"Merece una compensaci\u00f3n si result\u00f3 herido en un accidente de motocicleta en Michigan. Nuestros abogados pueden ayudar. Cont\u00e1ctenos hoy para una revisi\u00f3n gratuita de su caso.","robots":{"index":"index","follow":"follow","max-snippet":"max-snippet:-1","max-image-preview":"max-image-preview:large","max-video-preview":"max-video-preview:-1"},"canonical":"https:\/\/michiganaccidentattorneys.com\/es\/accidentes-motocicletas\/","og_locale":"es_ES","og_type":"article","og_title":"Abogado de accidentes de motocicleta de Michigan - Kelly, Riggs & Mansour","og_description":"Merece una compensaci\u00f3n si result\u00f3 herido en un accidente de motocicleta en Michigan. Nuestros abogados pueden ayudar. Cont\u00e1ctenos hoy para una revisi\u00f3n gratuita de su caso.","og_url":"https:\/\/michiganaccidentattorneys.com\/es\/accidentes-motocicletas\/","og_site_name":"Michigan Accident Attorneys","article_publisher":"https:\/\/www.facebook.com\/profile.php?id=61556014234954","article_modified_time":"2024-03-06T06:43:44+00:00","og_image":[{"width":500,"height":334,"url":"http:\/\/michiganaccidentattorneys.com\/wp-content\/uploads\/2024\/02\/motorcycle-accidents.jpg","type":"image\/jpeg"}],"twitter_card":"summary_large_image","twitter_site":"@MIAccidentAttys","twitter_misc":{"Tiempo de lectura":"4 minutos"},"schema":{"@context":"https:\/\/schema.org","@graph":[{"@type":"WebPage","@id":"https:\/\/michiganaccidentattorneys.com\/es\/accidentes-motocicletas\/","url":"https:\/\/michiganaccidentattorneys.com\/es\/accidentes-motocicletas\/","name":"Abogado de accidentes de motocicleta de Michigan - Kelly, Riggs & Mansour","isPartOf":{"@id":"https:\/\/michiganaccidentattorneys.com\/es\/#website"},"primaryImageOfPage":{"@id":"https:\/\/michiganaccidentattorneys.com\/es\/accidentes-motocicletas\/#primaryimage"},"image":{"@id":"https:\/\/michiganaccidentattorneys.com\/es\/accidentes-motocicletas\/#primaryimage"},"thumbnailUrl":"https:\/\/michiganaccidentattorneys.com\/wp-content\/uploads\/2024\/02\/motorcycle-accidents.jpg","datePublished":"2024-02-20T23:14:35+00:00","dateModified":"2024-03-06T06:43:44+00:00","description":"Merece una compensaci\u00f3n si result\u00f3 herido en un accidente de motocicleta en Michigan. Nuestros abogados pueden ayudar. Cont\u00e1ctenos hoy para una revisi\u00f3n gratuita de su caso.","breadcrumb":{"@id":"https:\/\/michiganaccidentattorneys.com\/es\/accidentes-motocicletas\/#breadcrumb"},"inLanguage":"es","potentialAction":[{"@type":"ReadAction","target":["https:\/\/michiganaccidentattorneys.com\/es\/accidentes-motocicletas\/"]}]},{"@type":"ImageObject","inLanguage":"es","@id":"https:\/\/michiganaccidentattorneys.com\/es\/accidentes-motocicletas\/#primaryimage","url":"https:\/\/michiganaccidentattorneys.com\/wp-content\/uploads\/2024\/02\/motorcycle-accidents.jpg","contentUrl":"https:\/\/michiganaccidentattorneys.com\/wp-content\/uploads\/2024\/02\/motorcycle-accidents.jpg","width":500,"height":334,"caption":"motorcycle accidents"},{"@type":"BreadcrumbList","@id":"https:\/\/michiganaccidentattorneys.com\/es\/accidentes-motocicletas\/#breadcrumb","itemListElement":[{"@type":"ListItem","position":1,"name":"Inicio","item":"https:\/\/michiganaccidentattorneys.com\/es\/"},{"@type":"ListItem","position":2,"name":"Accidentes de Motocicleta"}]},{"@type":"WebSite","@id":"https:\/\/michiganaccidentattorneys.com\/es\/#website","url":"https:\/\/michiganaccidentattorneys.com\/es\/","name":"Michigan Accident Attorneys","description":"","publisher":{"@id":"https:\/\/michiganaccidentattorneys.com\/es\/#organization"},"potentialAction":[{"@type":"SearchAction","target":{"@type":"EntryPoint","urlTemplate":"https:\/\/michiganaccidentattorneys.com\/es\/?s={search_term_string}"},"query-input":{"@type":"PropertyValueSpecification","valueRequired":true,"valueName":"search_term_string"}}],"inLanguage":"es"},{"@type":"Organization","@id":"https:\/\/michiganaccidentattorneys.com\/es\/#organization","name":"Michigan Accident Attorneys","url":"https:\/\/michiganaccidentattorneys.com\/es\/","logo":{"@type":"ImageObject","inLanguage":"es","@id":"https:\/\/michiganaccidentattorneys.com\/es\/#\/schema\/logo\/image\/","url":"https:\/\/michiganaccidentattorneys.com\/wp-content\/uploads\/2024\/02\/MAA-header-logo.png","contentUrl":"https:\/\/michiganaccidentattorneys.com\/wp-content\/uploads\/2024\/02\/MAA-header-logo.png","width":227,"height":120,"caption":"Michigan Accident Attorneys"},"image":{"@id":"https:\/\/michiganaccidentattorneys.com\/es\/#\/schema\/logo\/image\/"},"sameAs":["https:\/\/www.facebook.com\/profile.php?id=61556014234954","https:\/\/x.com\/MIAccidentAttys","https:\/\/www.linkedin.com\/company\/michigan-accident-attorneys\/","https:\/\/www.instagram.com\/michiganaccidentattorneys\/"]}]}},"_links":{"self":[{"href":"https:\/\/michiganaccidentattorneys.com\/es\/wp-json\/wp\/v2\/pages\/1893","targetHints":{"allow":["GET"]}}],"collection":[{"href":"https:\/\/michiganaccidentattorneys.com\/es\/wp-json\/wp\/v2\/pages"}],"about":[{"href":"https:\/\/michiganaccidentattorneys.com\/es\/wp-json\/wp\/v2\/types\/page"}],"author":[{"embeddable":true,"href":"https:\/\/michiganaccidentattorneys.com\/es\/wp-json\/wp\/v2\/users\/6"}],"replies":[{"embeddable":true,"href":"https:\/\/michiganaccidentattorneys.com\/es\/wp-json\/wp\/v2\/comments?post=1893"}],"version-history":[{"count":0,"href":"https:\/\/michiganaccidentattorneys.com\/es\/wp-json\/wp\/v2\/pages\/1893\/revisions"}],"wp:featuredmedia":[{"embeddable":true,"href":"https:\/\/michiganaccidentattorneys.com\/es\/wp-json\/wp\/v2\/media\/4354"}],"wp:attachment":[{"href":"https:\/\/michiganaccidentattorneys.com\/es\/wp-json\/wp\/v2\/media?parent=1893"}],"curies":[{"name":"wp","href":"https:\/\/api.w.org\/{rel}","templated":true}]}}