{"id":1900,"date":"2024-02-20T23:14:44","date_gmt":"2024-02-20T23:14:44","guid":{"rendered":"https:\/\/michiganaccidentattorneys.cwdevelop.com\/?page_id=1900"},"modified":"2024-03-06T06:46:23","modified_gmt":"2024-03-06T06:46:23","slug":"accidentes-peatones","status":"publish","type":"page","link":"https:\/\/michiganaccidentattorneys.com\/es\/accidentes-peatones\/","title":{"rendered":"Accidentes de Peatones"},"content":{"rendered":"<h2>Michigan Pedestrian Accident Attorneys<\/h2>\n<p>Si has sufrido lesiones graves despu\u00e9s de ser golpeado por un veh\u00edculo como un peat\u00f3n en Michigan, los abogados especializados en accidentes de peatones en Michigan Accident Attorneys est\u00e1n listos para ayudar. Con d\u00e9cadas de experiencia luchando por los derechos de los peatones lesionados, nuestro equipo legal tiene un historial comprobado de \u00e9xito.<\/p>\n<p>Las colisiones de peatones a menudo resultan en lesiones catastr\u00f3ficas para toda la vida&#8211;o aun la muerte&#8211;debido a la falta de protecci\u00f3n del peat\u00f3n. En Michigan Accident Attorneys, entendemos los desaf\u00edos inmensos que enfrentan los peatones despu\u00e9s de ser golpeados por un autom\u00f3vil o cami\u00f3n. Por eso nosotros brindamos representaci\u00f3n legal compasiva y dedicada para ayudarte a obtener una compensaci\u00f3n justa para que pueda seguir adelante con su vida.<\/p>\n<p>Nuestros abogados de accidentes peatonales\u00a0 son litigantes que no temen llevar un caso hasta el tribunal cuando es necesario. Tenemos los recursos para investigar a fondo los accidentes de peatones, identificar a todas las partes responsables, luchar de manera agresiva contra la negaci\u00f3n y retrasos de las compa\u00f1\u00edas de seguros y, en \u00faltima instancia, obtener da\u00f1os m\u00e1ximos para los peatones lesionados.<\/p>\n<p>No espere usted para obtener ayuda legal despu\u00e9s de un accidente de peatones que no fue su culpa. Las compa\u00f1\u00edas de seguros intentar\u00e1n aprovechar la situaci\u00f3n y llegar a un acuerdo r\u00e1pidamente por menos de lo que merece. Con Michigan Accident Attorneys a su lado, puede sentirse seguro de que sus derechos ser\u00e1n protegidos. Sabemos lo que se necesita para construir una reclamaci\u00f3n exitosa y hacer que los responsables paguen. Puede recuperarse f\u00edsicamente, emocionalmente y econ\u00f3micamente con nosotros luchando por sus mejores intereses.<\/p>\n<p>P\u00f3ngase en contacto con nuestros abogados de accidentes peatonales hoy para una consulta gratuita. Permita que nuestro bufete maneje su reclamaci\u00f3n por lesiones de principio a fin mientras usted se enfoca en su recuperaci\u00f3n con la tranquilidad que se merece. La justicia es posible.<\/p>\n<p>En Michigan, m\u00e1s de 150 peatones pierden la vida cada a\u00f1o despu\u00e9s de ser golpeados por veh\u00edculos. Miles m\u00e1s sufren lesiones graves como fracturas, traumatismos craneales, da\u00f1o a \u00f3rganos y p\u00e9rdida de extremidades.<\/p>\n<p>Factores comunes en las colisiones de peatones incluyen conductores que exceden los l\u00edmites de velocidad, no ceden el derecho de paso y conducen distra\u00eddos. Los abogados experimentados de nuestro bufete llevan a cabo investigaciones exhaustivas y reconstrucciones de accidentes para demostrar la negligencia del conductor y la inocencia del peat\u00f3n. Luchamos de manera agresiva contra la culpa injusta impuesta a los peatones lesionados por parte de las compa\u00f1\u00edas de seguros que intentan evitar pagar una compensaci\u00f3n justa. Con nuestros abogados a tu lado, puedes confiar en que se har\u00e1 justicia y vas a recuperar da\u00f1os m\u00e1ximos por sus lesiones, p\u00e9rdida de ingresos, dolor y sufrimiento, y m\u00e1s despu\u00e9s de un accidente peatonal catastr\u00f3fico en Michigan.<\/p>\n<p>Aqu\u00ed hay algunos ejemplos de c\u00f3mo nuestros abogados de accidentes peatonales construyen reclamaciones s\u00f3lidos despu\u00e9s de accidentes:<\/p>\n<ul>\n<li>Obtener informes policiales que detallan violaciones del conductor, como exceso de velocidad o ignorar se\u00f1ales de tr\u00e1fico.<\/li>\n<li>Entrevistar a testigos presenciales para demostrar que el peat\u00f3n ten\u00eda el derecho de paso y que el conductor fue culpable.<\/li>\n<li>Recopilar im\u00e1genes de video que demuestren la negligencia del conductor y la falta de culpa del peat\u00f3n.<\/li>\n<li>Contratar a expertos en reconstrucci\u00f3n de accidentes para analizar el da\u00f1o del veh\u00edculo, las marcas de frenado, las l\u00edneas de visi\u00f3n y m\u00e1s para demostrar la negligencia del conductor.<\/li>\n<li>Refutar acusaciones falsas de impedimento o distracci\u00f3n del peat\u00f3n con pruebas concretas.<\/li>\n<\/ul>\n<p>Luchamos por los peatones lesionados por todo tipo de conductores negligentes, incluyendo:<\/p>\n<ul>\n<li>Conductores que exceden los l\u00edmites de velocidad o son agresivos y no ceden el paso.<\/li>\n<li>Conductores distra\u00eddos que no prestan atenci\u00f3n.<\/li>\n<li>Conductores fatigados o bajo la influencia.<\/li>\n<li>Conductores que violan las leyes de derecho de paso a los peatones<\/li>\n<li>Conductores con disputas de furia al volante en la carretera que los llevan a golpear a peatones.<\/li>\n<\/ul>\n<p>Nuestros abogados han obtenido con \u00e9xito una compensaci\u00f3n sustancial para clientes en casos de lesiones y muerte por accidentes peatonales. Con un historial exitoso a lo largo de d\u00e9cadas de litigio, tenemos las habilidades y recursos para ganar la compensaci\u00f3n m\u00e1xima. <a href=\"https:\/\/michiganaccidentattorneys.com\/contact-us\/\">P\u00f3ngase en contacto<\/a> con nuestros abogados de accidentes peatonales\u00a0 hoy: estamos listos para ayudarte a seguir adelante despu\u00e9s de un accidente peatonal que cambia la vida.<\/p>\n","protected":false},"excerpt":{"rendered":"<p>Michigan Pedestrian Accident Attorneys Si has sufrido lesiones graves despu\u00e9s de ser golpeado por un veh\u00edculo como un peat\u00f3n en Michigan, los abogados especializados en accidentes de peatones en Michigan Accident Attorneys est\u00e1n listos para ayudar. Con d\u00e9cadas de experiencia luchando por los derechos de los peatones lesionados, nuestro equipo legal tiene un historial comprobado de \u00e9xito. Las&#8230;<\/p>\n","protected":false},"author":6,"featured_media":4362,"parent":0,"menu_order":15,"comment_status":"closed","ping_status":"closed","template":"","meta":{"_acf_changed":false,"footnotes":""},"class_list":["post-1900","page","type-page","status-publish","has-post-thumbnail","hentry"],"acf":[],"yoast_head":"<!-- This site is optimized with the Yoast SEO plugin v27.5 - https:\/\/yoast.com\/product\/yoast-seo-wordpress\/ -->\n<title>Abogado de accidentes de peatones de Michigan - Kelly, Riggs &amp; Mansour<\/title>\n<meta name=\"description\" content=\"Merece una compensaci\u00f3n si result\u00f3 herido en un accidente de peatones en Michigan. Nuestros abogados pueden ayudar. Cont\u00e1ctenos hoy para una revisi\u00f3n gratuita de su caso.\" \/>\n<meta name=\"robots\" content=\"index, follow, max-snippet:-1, max-image-preview:large, max-video-preview:-1\" \/>\n<link rel=\"canonical\" href=\"https:\/\/michiganaccidentattorneys.com\/es\/accidentes-peatones\/\" \/>\n<meta property=\"og:locale\" content=\"es_ES\" \/>\n<meta property=\"og:type\" content=\"article\" \/>\n<meta property=\"og:title\" content=\"Abogado de accidentes de peatones de Michigan - Kelly, Riggs &amp; Mansour\" \/>\n<meta property=\"og:description\" content=\"Merece una compensaci\u00f3n si result\u00f3 herido en un accidente de peatones en Michigan. Nuestros abogados pueden ayudar. Cont\u00e1ctenos hoy para una revisi\u00f3n gratuita de su caso.\" \/>\n<meta property=\"og:url\" content=\"https:\/\/michiganaccidentattorneys.com\/es\/accidentes-peatones\/\" \/>\n<meta property=\"og:site_name\" content=\"Michigan Accident Attorneys\" \/>\n<meta property=\"article:publisher\" content=\"https:\/\/www.facebook.com\/profile.php?id=61556014234954\" \/>\n<meta property=\"article:modified_time\" content=\"2024-03-06T06:46:23+00:00\" \/>\n<meta property=\"og:image\" content=\"http:\/\/michiganaccidentattorneys.com\/wp-content\/uploads\/2024\/02\/pedestrian-accidents.jpg\" \/>\n\t<meta property=\"og:image:width\" content=\"500\" \/>\n\t<meta property=\"og:image:height\" content=\"334\" \/>\n\t<meta property=\"og:image:type\" content=\"image\/jpeg\" \/>\n<meta name=\"twitter:card\" content=\"summary_large_image\" \/>\n<meta name=\"twitter:site\" content=\"@MIAccidentAttys\" \/>\n<meta name=\"twitter:label1\" content=\"Tiempo de lectura\" \/>\n\t<meta name=\"twitter:data1\" content=\"4 minutos\" \/>\n<script type=\"application\/ld+json\" class=\"yoast-schema-graph\">{\"@context\":\"https:\\\/\\\/schema.org\",\"@graph\":[{\"@type\":\"WebPage\",\"@id\":\"https:\\\/\\\/michiganaccidentattorneys.com\\\/es\\\/accidentes-peatones\\\/\",\"url\":\"https:\\\/\\\/michiganaccidentattorneys.com\\\/es\\\/accidentes-peatones\\\/\",\"name\":\"Abogado de accidentes de peatones de Michigan - Kelly, Riggs & Mansour\",\"isPartOf\":{\"@id\":\"https:\\\/\\\/michiganaccidentattorneys.com\\\/es\\\/#website\"},\"primaryImageOfPage\":{\"@id\":\"https:\\\/\\\/michiganaccidentattorneys.com\\\/es\\\/accidentes-peatones\\\/#primaryimage\"},\"image\":{\"@id\":\"https:\\\/\\\/michiganaccidentattorneys.com\\\/es\\\/accidentes-peatones\\\/#primaryimage\"},\"thumbnailUrl\":\"https:\\\/\\\/michiganaccidentattorneys.com\\\/wp-content\\\/uploads\\\/2024\\\/02\\\/pedestrian-accidents.jpg\",\"datePublished\":\"2024-02-20T23:14:44+00:00\",\"dateModified\":\"2024-03-06T06:46:23+00:00\",\"description\":\"Merece una compensaci\u00f3n si result\u00f3 herido en un accidente de peatones en Michigan. Nuestros abogados pueden ayudar. Cont\u00e1ctenos hoy para una revisi\u00f3n gratuita de su caso.\",\"breadcrumb\":{\"@id\":\"https:\\\/\\\/michiganaccidentattorneys.com\\\/es\\\/accidentes-peatones\\\/#breadcrumb\"},\"inLanguage\":\"es\",\"potentialAction\":[{\"@type\":\"ReadAction\",\"target\":[\"https:\\\/\\\/michiganaccidentattorneys.com\\\/es\\\/accidentes-peatones\\\/\"]}]},{\"@type\":\"ImageObject\",\"inLanguage\":\"es\",\"@id\":\"https:\\\/\\\/michiganaccidentattorneys.com\\\/es\\\/accidentes-peatones\\\/#primaryimage\",\"url\":\"https:\\\/\\\/michiganaccidentattorneys.com\\\/wp-content\\\/uploads\\\/2024\\\/02\\\/pedestrian-accidents.jpg\",\"contentUrl\":\"https:\\\/\\\/michiganaccidentattorneys.com\\\/wp-content\\\/uploads\\\/2024\\\/02\\\/pedestrian-accidents.jpg\",\"width\":500,\"height\":334,\"caption\":\"pedestrian accidents\"},{\"@type\":\"BreadcrumbList\",\"@id\":\"https:\\\/\\\/michiganaccidentattorneys.com\\\/es\\\/accidentes-peatones\\\/#breadcrumb\",\"itemListElement\":[{\"@type\":\"ListItem\",\"position\":1,\"name\":\"Inicio\",\"item\":\"https:\\\/\\\/michiganaccidentattorneys.com\\\/es\\\/\"},{\"@type\":\"ListItem\",\"position\":2,\"name\":\"Accidentes de Peatones\"}]},{\"@type\":\"WebSite\",\"@id\":\"https:\\\/\\\/michiganaccidentattorneys.com\\\/es\\\/#website\",\"url\":\"https:\\\/\\\/michiganaccidentattorneys.com\\\/es\\\/\",\"name\":\"Michigan Accident Attorneys\",\"description\":\"\",\"publisher\":{\"@id\":\"https:\\\/\\\/michiganaccidentattorneys.com\\\/es\\\/#organization\"},\"potentialAction\":[{\"@type\":\"SearchAction\",\"target\":{\"@type\":\"EntryPoint\",\"urlTemplate\":\"https:\\\/\\\/michiganaccidentattorneys.com\\\/es\\\/?s={search_term_string}\"},\"query-input\":{\"@type\":\"PropertyValueSpecification\",\"valueRequired\":true,\"valueName\":\"search_term_string\"}}],\"inLanguage\":\"es\"},{\"@type\":\"Organization\",\"@id\":\"https:\\\/\\\/michiganaccidentattorneys.com\\\/es\\\/#organization\",\"name\":\"Michigan Accident Attorneys\",\"url\":\"https:\\\/\\\/michiganaccidentattorneys.com\\\/es\\\/\",\"logo\":{\"@type\":\"ImageObject\",\"inLanguage\":\"es\",\"@id\":\"https:\\\/\\\/michiganaccidentattorneys.com\\\/es\\\/#\\\/schema\\\/logo\\\/image\\\/\",\"url\":\"https:\\\/\\\/michiganaccidentattorneys.com\\\/wp-content\\\/uploads\\\/2024\\\/02\\\/MAA-header-logo.png\",\"contentUrl\":\"https:\\\/\\\/michiganaccidentattorneys.com\\\/wp-content\\\/uploads\\\/2024\\\/02\\\/MAA-header-logo.png\",\"width\":227,\"height\":120,\"caption\":\"Michigan Accident Attorneys\"},\"image\":{\"@id\":\"https:\\\/\\\/michiganaccidentattorneys.com\\\/es\\\/#\\\/schema\\\/logo\\\/image\\\/\"},\"sameAs\":[\"https:\\\/\\\/www.facebook.com\\\/profile.php?id=61556014234954\",\"https:\\\/\\\/x.com\\\/MIAccidentAttys\",\"https:\\\/\\\/www.linkedin.com\\\/company\\\/michigan-accident-attorneys\\\/\",\"https:\\\/\\\/www.instagram.com\\\/michiganaccidentattorneys\\\/\"]}]}<\/script>\n<!-- \/ Yoast SEO plugin. -->","yoast_head_json":{"title":"Abogado de accidentes de peatones de Michigan - Kelly, Riggs & Mansour","description":"Merece una compensaci\u00f3n si result\u00f3 herido en un accidente de peatones en Michigan. Nuestros abogados pueden ayudar. Cont\u00e1ctenos hoy para una revisi\u00f3n gratuita de su caso.","robots":{"index":"index","follow":"follow","max-snippet":"max-snippet:-1","max-image-preview":"max-image-preview:large","max-video-preview":"max-video-preview:-1"},"canonical":"https:\/\/michiganaccidentattorneys.com\/es\/accidentes-peatones\/","og_locale":"es_ES","og_type":"article","og_title":"Abogado de accidentes de peatones de Michigan - Kelly, Riggs & Mansour","og_description":"Merece una compensaci\u00f3n si result\u00f3 herido en un accidente de peatones en Michigan. Nuestros abogados pueden ayudar. Cont\u00e1ctenos hoy para una revisi\u00f3n gratuita de su caso.","og_url":"https:\/\/michiganaccidentattorneys.com\/es\/accidentes-peatones\/","og_site_name":"Michigan Accident Attorneys","article_publisher":"https:\/\/www.facebook.com\/profile.php?id=61556014234954","article_modified_time":"2024-03-06T06:46:23+00:00","og_image":[{"width":500,"height":334,"url":"http:\/\/michiganaccidentattorneys.com\/wp-content\/uploads\/2024\/02\/pedestrian-accidents.jpg","type":"image\/jpeg"}],"twitter_card":"summary_large_image","twitter_site":"@MIAccidentAttys","twitter_misc":{"Tiempo de lectura":"4 minutos"},"schema":{"@context":"https:\/\/schema.org","@graph":[{"@type":"WebPage","@id":"https:\/\/michiganaccidentattorneys.com\/es\/accidentes-peatones\/","url":"https:\/\/michiganaccidentattorneys.com\/es\/accidentes-peatones\/","name":"Abogado de accidentes de peatones de Michigan - Kelly, Riggs & Mansour","isPartOf":{"@id":"https:\/\/michiganaccidentattorneys.com\/es\/#website"},"primaryImageOfPage":{"@id":"https:\/\/michiganaccidentattorneys.com\/es\/accidentes-peatones\/#primaryimage"},"image":{"@id":"https:\/\/michiganaccidentattorneys.com\/es\/accidentes-peatones\/#primaryimage"},"thumbnailUrl":"https:\/\/michiganaccidentattorneys.com\/wp-content\/uploads\/2024\/02\/pedestrian-accidents.jpg","datePublished":"2024-02-20T23:14:44+00:00","dateModified":"2024-03-06T06:46:23+00:00","description":"Merece una compensaci\u00f3n si result\u00f3 herido en un accidente de peatones en Michigan. Nuestros abogados pueden ayudar. Cont\u00e1ctenos hoy para una revisi\u00f3n gratuita de su caso.","breadcrumb":{"@id":"https:\/\/michiganaccidentattorneys.com\/es\/accidentes-peatones\/#breadcrumb"},"inLanguage":"es","potentialAction":[{"@type":"ReadAction","target":["https:\/\/michiganaccidentattorneys.com\/es\/accidentes-peatones\/"]}]},{"@type":"ImageObject","inLanguage":"es","@id":"https:\/\/michiganaccidentattorneys.com\/es\/accidentes-peatones\/#primaryimage","url":"https:\/\/michiganaccidentattorneys.com\/wp-content\/uploads\/2024\/02\/pedestrian-accidents.jpg","contentUrl":"https:\/\/michiganaccidentattorneys.com\/wp-content\/uploads\/2024\/02\/pedestrian-accidents.jpg","width":500,"height":334,"caption":"pedestrian accidents"},{"@type":"BreadcrumbList","@id":"https:\/\/michiganaccidentattorneys.com\/es\/accidentes-peatones\/#breadcrumb","itemListElement":[{"@type":"ListItem","position":1,"name":"Inicio","item":"https:\/\/michiganaccidentattorneys.com\/es\/"},{"@type":"ListItem","position":2,"name":"Accidentes de Peatones"}]},{"@type":"WebSite","@id":"https:\/\/michiganaccidentattorneys.com\/es\/#website","url":"https:\/\/michiganaccidentattorneys.com\/es\/","name":"Michigan Accident Attorneys","description":"","publisher":{"@id":"https:\/\/michiganaccidentattorneys.com\/es\/#organization"},"potentialAction":[{"@type":"SearchAction","target":{"@type":"EntryPoint","urlTemplate":"https:\/\/michiganaccidentattorneys.com\/es\/?s={search_term_string}"},"query-input":{"@type":"PropertyValueSpecification","valueRequired":true,"valueName":"search_term_string"}}],"inLanguage":"es"},{"@type":"Organization","@id":"https:\/\/michiganaccidentattorneys.com\/es\/#organization","name":"Michigan Accident Attorneys","url":"https:\/\/michiganaccidentattorneys.com\/es\/","logo":{"@type":"ImageObject","inLanguage":"es","@id":"https:\/\/michiganaccidentattorneys.com\/es\/#\/schema\/logo\/image\/","url":"https:\/\/michiganaccidentattorneys.com\/wp-content\/uploads\/2024\/02\/MAA-header-logo.png","contentUrl":"https:\/\/michiganaccidentattorneys.com\/wp-content\/uploads\/2024\/02\/MAA-header-logo.png","width":227,"height":120,"caption":"Michigan Accident Attorneys"},"image":{"@id":"https:\/\/michiganaccidentattorneys.com\/es\/#\/schema\/logo\/image\/"},"sameAs":["https:\/\/www.facebook.com\/profile.php?id=61556014234954","https:\/\/x.com\/MIAccidentAttys","https:\/\/www.linkedin.com\/company\/michigan-accident-attorneys\/","https:\/\/www.instagram.com\/michiganaccidentattorneys\/"]}]}},"_links":{"self":[{"href":"https:\/\/michiganaccidentattorneys.com\/es\/wp-json\/wp\/v2\/pages\/1900","targetHints":{"allow":["GET"]}}],"collection":[{"href":"https:\/\/michiganaccidentattorneys.com\/es\/wp-json\/wp\/v2\/pages"}],"about":[{"href":"https:\/\/michiganaccidentattorneys.com\/es\/wp-json\/wp\/v2\/types\/page"}],"author":[{"embeddable":true,"href":"https:\/\/michiganaccidentattorneys.com\/es\/wp-json\/wp\/v2\/users\/6"}],"replies":[{"embeddable":true,"href":"https:\/\/michiganaccidentattorneys.com\/es\/wp-json\/wp\/v2\/comments?post=1900"}],"version-history":[{"count":0,"href":"https:\/\/michiganaccidentattorneys.com\/es\/wp-json\/wp\/v2\/pages\/1900\/revisions"}],"wp:featuredmedia":[{"embeddable":true,"href":"https:\/\/michiganaccidentattorneys.com\/es\/wp-json\/wp\/v2\/media\/4362"}],"wp:attachment":[{"href":"https:\/\/michiganaccidentattorneys.com\/es\/wp-json\/wp\/v2\/media?parent=1900"}],"curies":[{"name":"wp","href":"https:\/\/api.w.org\/{rel}","templated":true}]}}