{"id":710,"date":"2024-02-13T14:10:09","date_gmt":"2024-02-13T14:10:09","guid":{"rendered":"https:\/\/michiganaccidentattorneys.cwdevelop.com\/hogar\/"},"modified":"2024-05-09T16:12:24","modified_gmt":"2024-05-09T16:12:24","slug":"es","status":"publish","type":"page","link":"https:\/\/michiganaccidentattorneys.com\/es\/","title":{"rendered":"Hogar"},"content":{"rendered":"","protected":false},"excerpt":{"rendered":"","protected":false},"author":3,"featured_media":0,"parent":0,"menu_order":5,"comment_status":"closed","ping_status":"closed","template":"","meta":{"_acf_changed":false,"footnotes":""},"class_list":["post-710","page","type-page","status-publish","hentry"],"acf":[],"yoast_head":"<!-- This site is optimized with the Yoast SEO plugin v27.5 - https:\/\/yoast.com\/product\/yoast-seo-wordpress\/ -->\n<title>Abogados de Accidentes de Michigan - Kelly, Riggs &amp; Mansour<\/title>\n<meta name=\"description\" content=\"\u00bfHerido en un accidente en Michigan? Nuestros abogados de accidentes le conseguir\u00e1n la compensaci\u00f3n que se merece. Cont\u00e1ctenos hoy para una revisi\u00f3n gratuita de su caso.\" \/>\n<meta name=\"robots\" content=\"index, follow, max-snippet:-1, max-image-preview:large, max-video-preview:-1\" \/>\n<link rel=\"canonical\" href=\"https:\/\/michiganaccidentattorneys.com\/es\/\" \/>\n<meta property=\"og:locale\" content=\"es_ES\" \/>\n<meta property=\"og:type\" content=\"article\" \/>\n<meta property=\"og:title\" content=\"Abogados de Accidentes de Michigan - Kelly, Riggs &amp; Mansour\" \/>\n<meta property=\"og:description\" content=\"\u00bfHerido en un accidente en Michigan? Nuestros abogados de accidentes le conseguir\u00e1n la compensaci\u00f3n que se merece. Cont\u00e1ctenos hoy para una revisi\u00f3n gratuita de su caso.\" \/>\n<meta property=\"og:url\" content=\"https:\/\/michiganaccidentattorneys.com\/es\/\" \/>\n<meta property=\"og:site_name\" content=\"Michigan Accident Attorneys\" \/>\n<meta property=\"article:publisher\" content=\"https:\/\/www.facebook.com\/profile.php?id=61556014234954\" \/>\n<meta property=\"article:modified_time\" content=\"2024-05-09T16:12:24+00:00\" \/>\n<meta property=\"og:image\" content=\"https:\/\/michiganaccidentattorneys.com\/wp-content\/uploads\/2024\/02\/Herobanner-desktop.jpg\" \/>\n\t<meta property=\"og:image:width\" content=\"1620\" \/>\n\t<meta property=\"og:image:height\" content=\"690\" \/>\n\t<meta property=\"og:image:type\" content=\"image\/jpeg\" \/>\n<meta name=\"twitter:card\" content=\"summary_large_image\" \/>\n<meta name=\"twitter:site\" content=\"@MIAccidentAttys\" \/>\n<script type=\"application\/ld+json\" class=\"yoast-schema-graph\">{\"@context\":\"https:\\\/\\\/schema.org\",\"@graph\":[{\"@type\":\"WebPage\",\"@id\":\"https:\\\/\\\/michiganaccidentattorneys.com\\\/es\\\/\",\"url\":\"https:\\\/\\\/michiganaccidentattorneys.com\\\/es\\\/\",\"name\":\"Abogados de Accidentes de Michigan - Kelly, Riggs & Mansour\",\"isPartOf\":{\"@id\":\"https:\\\/\\\/michiganaccidentattorneys.com\\\/es\\\/#website\"},\"datePublished\":\"2024-02-13T14:10:09+00:00\",\"dateModified\":\"2024-05-09T16:12:24+00:00\",\"description\":\"\u00bfHerido en un accidente en Michigan? Nuestros abogados de accidentes le conseguir\u00e1n la compensaci\u00f3n que se merece. Cont\u00e1ctenos hoy para una revisi\u00f3n gratuita de su caso.\",\"breadcrumb\":{\"@id\":\"https:\\\/\\\/michiganaccidentattorneys.com\\\/es\\\/#breadcrumb\"},\"inLanguage\":\"es\",\"potentialAction\":[{\"@type\":\"ReadAction\",\"target\":[\"https:\\\/\\\/michiganaccidentattorneys.com\\\/es\\\/\"]}]},{\"@type\":\"BreadcrumbList\",\"@id\":\"https:\\\/\\\/michiganaccidentattorneys.com\\\/es\\\/#breadcrumb\",\"itemListElement\":[{\"@type\":\"ListItem\",\"position\":1,\"name\":\"Inicio\",\"item\":\"https:\\\/\\\/michiganaccidentattorneys.com\\\/es\\\/\"},{\"@type\":\"ListItem\",\"position\":2,\"name\":\"Hogar\"}]},{\"@type\":\"WebSite\",\"@id\":\"https:\\\/\\\/michiganaccidentattorneys.com\\\/es\\\/#website\",\"url\":\"https:\\\/\\\/michiganaccidentattorneys.com\\\/es\\\/\",\"name\":\"Michigan Accident Attorneys\",\"description\":\"\",\"publisher\":{\"@id\":\"https:\\\/\\\/michiganaccidentattorneys.com\\\/es\\\/#organization\"},\"potentialAction\":[{\"@type\":\"SearchAction\",\"target\":{\"@type\":\"EntryPoint\",\"urlTemplate\":\"https:\\\/\\\/michiganaccidentattorneys.com\\\/es\\\/?s={search_term_string}\"},\"query-input\":{\"@type\":\"PropertyValueSpecification\",\"valueRequired\":true,\"valueName\":\"search_term_string\"}}],\"inLanguage\":\"es\"},{\"@type\":\"Organization\",\"@id\":\"https:\\\/\\\/michiganaccidentattorneys.com\\\/es\\\/#organization\",\"name\":\"Michigan Accident Attorneys\",\"url\":\"https:\\\/\\\/michiganaccidentattorneys.com\\\/es\\\/\",\"logo\":{\"@type\":\"ImageObject\",\"inLanguage\":\"es\",\"@id\":\"https:\\\/\\\/michiganaccidentattorneys.com\\\/es\\\/#\\\/schema\\\/logo\\\/image\\\/\",\"url\":\"https:\\\/\\\/michiganaccidentattorneys.com\\\/wp-content\\\/uploads\\\/2024\\\/02\\\/MAA-header-logo.png\",\"contentUrl\":\"https:\\\/\\\/michiganaccidentattorneys.com\\\/wp-content\\\/uploads\\\/2024\\\/02\\\/MAA-header-logo.png\",\"width\":227,\"height\":120,\"caption\":\"Michigan Accident Attorneys\"},\"image\":{\"@id\":\"https:\\\/\\\/michiganaccidentattorneys.com\\\/es\\\/#\\\/schema\\\/logo\\\/image\\\/\"},\"sameAs\":[\"https:\\\/\\\/www.facebook.com\\\/profile.php?id=61556014234954\",\"https:\\\/\\\/x.com\\\/MIAccidentAttys\",\"https:\\\/\\\/www.linkedin.com\\\/company\\\/michigan-accident-attorneys\\\/\",\"https:\\\/\\\/www.instagram.com\\\/michiganaccidentattorneys\\\/\"]}]}<\/script>\n<!-- \/ Yoast SEO plugin. -->","yoast_head_json":{"title":"Abogados de Accidentes de Michigan - Kelly, Riggs & Mansour","description":"\u00bfHerido en un accidente en Michigan? Nuestros abogados de accidentes le conseguir\u00e1n la compensaci\u00f3n que se merece. Cont\u00e1ctenos hoy para una revisi\u00f3n gratuita de su caso.","robots":{"index":"index","follow":"follow","max-snippet":"max-snippet:-1","max-image-preview":"max-image-preview:large","max-video-preview":"max-video-preview:-1"},"canonical":"https:\/\/michiganaccidentattorneys.com\/es\/","og_locale":"es_ES","og_type":"article","og_title":"Abogados de Accidentes de Michigan - Kelly, Riggs & Mansour","og_description":"\u00bfHerido en un accidente en Michigan? Nuestros abogados de accidentes le conseguir\u00e1n la compensaci\u00f3n que se merece. Cont\u00e1ctenos hoy para una revisi\u00f3n gratuita de su caso.","og_url":"https:\/\/michiganaccidentattorneys.com\/es\/","og_site_name":"Michigan Accident Attorneys","article_publisher":"https:\/\/www.facebook.com\/profile.php?id=61556014234954","article_modified_time":"2024-05-09T16:12:24+00:00","og_image":[{"width":1620,"height":690,"url":"https:\/\/michiganaccidentattorneys.com\/wp-content\/uploads\/2024\/02\/Herobanner-desktop.jpg","type":"image\/jpeg"}],"twitter_card":"summary_large_image","twitter_site":"@MIAccidentAttys","schema":{"@context":"https:\/\/schema.org","@graph":[{"@type":"WebPage","@id":"https:\/\/michiganaccidentattorneys.com\/es\/","url":"https:\/\/michiganaccidentattorneys.com\/es\/","name":"Abogados de Accidentes de Michigan - Kelly, Riggs & Mansour","isPartOf":{"@id":"https:\/\/michiganaccidentattorneys.com\/es\/#website"},"datePublished":"2024-02-13T14:10:09+00:00","dateModified":"2024-05-09T16:12:24+00:00","description":"\u00bfHerido en un accidente en Michigan? Nuestros abogados de accidentes le conseguir\u00e1n la compensaci\u00f3n que se merece. Cont\u00e1ctenos hoy para una revisi\u00f3n gratuita de su caso.","breadcrumb":{"@id":"https:\/\/michiganaccidentattorneys.com\/es\/#breadcrumb"},"inLanguage":"es","potentialAction":[{"@type":"ReadAction","target":["https:\/\/michiganaccidentattorneys.com\/es\/"]}]},{"@type":"BreadcrumbList","@id":"https:\/\/michiganaccidentattorneys.com\/es\/#breadcrumb","itemListElement":[{"@type":"ListItem","position":1,"name":"Inicio","item":"https:\/\/michiganaccidentattorneys.com\/es\/"},{"@type":"ListItem","position":2,"name":"Hogar"}]},{"@type":"WebSite","@id":"https:\/\/michiganaccidentattorneys.com\/es\/#website","url":"https:\/\/michiganaccidentattorneys.com\/es\/","name":"Michigan Accident Attorneys","description":"","publisher":{"@id":"https:\/\/michiganaccidentattorneys.com\/es\/#organization"},"potentialAction":[{"@type":"SearchAction","target":{"@type":"EntryPoint","urlTemplate":"https:\/\/michiganaccidentattorneys.com\/es\/?s={search_term_string}"},"query-input":{"@type":"PropertyValueSpecification","valueRequired":true,"valueName":"search_term_string"}}],"inLanguage":"es"},{"@type":"Organization","@id":"https:\/\/michiganaccidentattorneys.com\/es\/#organization","name":"Michigan Accident Attorneys","url":"https:\/\/michiganaccidentattorneys.com\/es\/","logo":{"@type":"ImageObject","inLanguage":"es","@id":"https:\/\/michiganaccidentattorneys.com\/es\/#\/schema\/logo\/image\/","url":"https:\/\/michiganaccidentattorneys.com\/wp-content\/uploads\/2024\/02\/MAA-header-logo.png","contentUrl":"https:\/\/michiganaccidentattorneys.com\/wp-content\/uploads\/2024\/02\/MAA-header-logo.png","width":227,"height":120,"caption":"Michigan Accident Attorneys"},"image":{"@id":"https:\/\/michiganaccidentattorneys.com\/es\/#\/schema\/logo\/image\/"},"sameAs":["https:\/\/www.facebook.com\/profile.php?id=61556014234954","https:\/\/x.com\/MIAccidentAttys","https:\/\/www.linkedin.com\/company\/michigan-accident-attorneys\/","https:\/\/www.instagram.com\/michiganaccidentattorneys\/"]}]}},"_links":{"self":[{"href":"https:\/\/michiganaccidentattorneys.com\/es\/wp-json\/wp\/v2\/pages\/710","targetHints":{"allow":["GET"]}}],"collection":[{"href":"https:\/\/michiganaccidentattorneys.com\/es\/wp-json\/wp\/v2\/pages"}],"about":[{"href":"https:\/\/michiganaccidentattorneys.com\/es\/wp-json\/wp\/v2\/types\/page"}],"author":[{"embeddable":true,"href":"https:\/\/michiganaccidentattorneys.com\/es\/wp-json\/wp\/v2\/users\/3"}],"replies":[{"embeddable":true,"href":"https:\/\/michiganaccidentattorneys.com\/es\/wp-json\/wp\/v2\/comments?post=710"}],"version-history":[{"count":0,"href":"https:\/\/michiganaccidentattorneys.com\/es\/wp-json\/wp\/v2\/pages\/710\/revisions"}],"wp:attachment":[{"href":"https:\/\/michiganaccidentattorneys.com\/es\/wp-json\/wp\/v2\/media?parent=710"}],"curies":[{"name":"wp","href":"https:\/\/api.w.org\/{rel}","templated":true}]}}